{"id":200,"date":"2018-04-10T15:22:38","date_gmt":"2018-04-10T18:22:38","guid":{"rendered":"https:\/\/escola.pinturaresidencialgallegos.com.br\/?page_id=200"},"modified":"2019-05-21T09:30:41","modified_gmt":"2019-05-21T12:30:41","slug":"differenziale","status":"publish","type":"page","link":"https:\/\/fkslogistics.com.br\/it\/differenziale\/","title":{"rendered":"Differenziale"},"content":{"rendered":"<section id=\"diferencial\">\n<div class=\"row\">\n<div class=\"col-xs-12 titulo\">\n<h2>Il nostro differenziale<\/h2>\n<\/p><\/div>\n<\/p><\/div>\n<div class=\"row\">\n<div class=\"col-xs-12 col-sm-6 diferencial\">\n<p>FKS Logistics offre un servizio personalizzato in base alle esigenze di ogni cliente. Offriamo soluzioni logistiche per diverse modalit\u00e0 e carichi da trasportare in territorio nazionale e internazionale, con consegne e consegne espresse, informazioni accurate e monitoraggio 24h.<\/p>\n<p>Il nostro obiettivo e obiettivo principali \u00e8 superare le aspettative dei nostri clienti. Pertanto, conta su di noi per trasportare i tuoi prodotti con agilit\u00e0 e sicurezza, sempre il miglior rapporto costi-benefici.<\/p>\n<\/p><\/div>\n<div class=\"col-xs-12 col-sm-6 diferencial\">\n\t\t\t<img loading=\"lazy\" decoding=\"async\" src=\"\/wp-content\/uploads\/2018\/04\/transporte-rodoviario-03.jpg\" alt=\"Trasporto Stradale\" width=\"900\" height=\"600\" class=\"alignnone size-full wp-image-300\" \/>\n\t\t<\/div>\n<\/p><\/div>\n<\/section>\n<section id=\"cta\" class=\"full-screen-block\">\n<div class=\"cta-bloco\">\n<aside class=\"cta-icone\">\n\t\t\t<i class=\"fa fa-quote-right\"><\/i><br \/>\n\t\t<\/aside>\n<aside class=\"cta-texto\">\n<h2>Richiedi subito un preventivo!<\/h2>\n<p>Chiarisci i tuoi dubbi e porta con te il carico<\/p>\n<\/aside><\/div>\n<\/section>\n<section id=\"frota\">\n<div class=\"row\">\n<div class=\"col-xs-12 titulo\">\n<h2>Mezzi di trasporto<\/h2>\n<\/p><\/div>\n<\/p><\/div>\n<div class=\"row\">\n<div class=\"col-xs-12 col-sm-4 frota\">\n<div class=\"frota-bloco\">\n<div class=\"frota-imagem\">\n\t\t\t\t\t<img loading=\"lazy\" decoding=\"async\" src=\"\/wp-content\/uploads\/2018\/04\/transporte-aereo-02.jpg\" alt=\"Trasporto Aereo\" width=\"800\" height=\"500\" class=\"alignnone size-full wp-image-289\" \/>\n\t\t\t\t<\/div>\n<div class=\"frota-nome\">\n<h4>Aeroplani<\/h4>\n<\/p><\/div>\n<\/p><\/div>\n<\/p><\/div>\n<div class=\"col-xs-12 col-sm-4 frota\">\n<div class=\"frota-bloco\">\n<div class=\"frota-imagem\">\n\t\t\t\t\t<img loading=\"lazy\" decoding=\"async\" src=\"\/wp-content\/uploads\/2018\/04\/transporte-maritimo-02.jpg\" alt=\"Trasporto Marittimo\"  width=\"800\" height=\"500\" class=\"alignnone ssize-full wp-image-290\" \/>\n\t\t\t\t<\/div>\n<div class=\"frota-nome\">\n<h4>Navi<\/h4>\n<\/p><\/div>\n<\/p><\/div>\n<\/p><\/div>\n<div class=\"col-xs-12 col-sm-4 frota\">\n<div class=\"frota-bloco\">\n<div class=\"frota-imagem\">\n\t\t\t\t\t<img loading=\"lazy\" decoding=\"async\" src=\"\/wp-content\/uploads\/2018\/04\/transporte-rodoviario-02.jpg\" alt=\"Trasporto Stradale\" width=\"800\" height=\"500\" class=\"alignnone size-full wp-image-291\" \/>\n\t\t\t\t<\/div>\n<div class=\"frota-nome\">\n<h4>Camion<\/h4>\n<\/p><\/div>\n<\/p><\/div>\n<\/p><\/div>\n<\/p><\/div>\n<div class=\"row\">\n<div class=\"col-xs-12 frota\">\n<h3>FKS Logistics lavora con i migliori mezzi di trasporto per soddisfare le vostre esigenze dove e quando \u00e8 necessario, puntando sulla velocit\u00e0, la qualit\u00e0 e la sicurezza nelle vostre collezioni e consegne.<\/h3>\n<\/p><\/div>\n<\/p><\/div>\n<\/section>\n<section id=\"veja-mais\">\n<div class=\"row\">\n<div class=\"col-xs-12 titulo\">\n<h2>Accesso Anche<\/h2>\n<\/p><\/div>\n<\/p><\/div>\n<div class=\"row\">\n<div class=\"col-xs-12 col-sm-4 veja\">\n<div class=\"veja-bloco\">\n\t\t\t\t<a href=\"\/it\/servizio\"><\/p>\n<div class=\"veja-imagem\">\n\t\t\t\t\t\t<img loading=\"lazy\" decoding=\"async\" src=\"\/wp-content\/uploads\/2018\/04\/transportes-02.jpg\" alt=\"Servizio\" width=\"800\" height=\"500\" class=\"alignnone size-full wp-image-317\" \/>\n\t\t\t\t\t<\/div>\n<div class=\"veja-nome\">\n<h4>Servizio<\/h4>\n<\/p><\/div>\n<p>\t\t\t\t<\/a>\n\t\t\t<\/div>\n<\/p><\/div>\n<div class=\"col-xs-12 col-sm-4 veja\">\n<div class=\"veja-bloco\">\n\t\t\t\t<a href=\"\/it\/chi-siamo\"><\/p>\n<div class=\"veja-imagem\">\n\t\t\t\t\t\t<img loading=\"lazy\" decoding=\"async\" src=\"\/wp-content\/uploads\/2018\/04\/historia-01.jpg\" alt=\"Chi Siamo\" width=\"800\" height=\"500\" class=\"alignnone size-full wp-image-317\" \/>\n\t\t\t\t\t<\/div>\n<div class=\"veja-nome\">\n<h4>Chi siamo<\/h4>\n<\/p><\/div>\n<p>\t\t\t\t<\/a>\n\t\t\t<\/div>\n<\/p><\/div>\n<div class=\"col-xs-12 col-sm-4 veja\">\n<div class=\"veja-bloco\">\n\t\t\t\t<a href=\"\/it\/contattaci\"><\/p>\n<div class=\"veja-imagem\">\n\t\t\t\t\t\t<img loading=\"lazy\" decoding=\"async\" src=\"\/wp-content\/uploads\/2018\/04\/contato-01.jpg\" alt=\"Contattaci\" width=\"800\" height=\"500\" class=\"alignnone size-full wp-image-315\" \/>\n\t\t\t\t\t<\/div>\n<div class=\"veja-nome\">\n<h4>Contattaci<\/h4>\n<\/p><\/div>\n<p>\t\t\t\t<\/a>\n\t\t\t<\/div>\n<\/p><\/div>\n<\/p><\/div>\n<\/section>\n","protected":false},"excerpt":{"rendered":"<p>Il nostro differenziale FKS Logistics offre un servizio personalizzato in base alle esigenze di ogni cliente. Offriamo soluzioni logistiche per diverse modalit\u00e0 e carichi da trasportare in territorio nazionale e internazionale, con consegne e consegne espresse, informazioni accurate e monitoraggio 24h. Il nostro obiettivo e obiettivo principali \u00e8 superare le aspettative dei nostri clienti. Pertanto, [&hellip;]<\/p>\n","protected":false},"author":2,"featured_media":0,"parent":0,"menu_order":4,"comment_status":"closed","ping_status":"closed","template":"","meta":{"footnotes":""},"class_list":["post-200","page","type-page","status-publish","hentry"],"yoast_head":"<!-- This site is optimized with the Yoast SEO plugin v24.2 - https:\/\/yoast.com\/wordpress\/plugins\/seo\/ -->\n<title>Differenziale - FKS Logistics | Trasporto<\/title>\n<meta name=\"robots\" content=\"index, follow, max-snippet:-1, max-image-preview:large, max-video-preview:-1\" \/>\n<link rel=\"canonical\" href=\"https:\/\/fkslogistics.com.br\/it\/differenziale\/\" \/>\n<meta property=\"og:locale\" content=\"pt_BR\" \/>\n<meta property=\"og:type\" content=\"article\" \/>\n<meta property=\"og:title\" content=\"Differenziale - FKS Logistics | Trasporto\" \/>\n<meta property=\"og:description\" content=\"Il nostro differenziale FKS Logistics offre un servizio personalizzato in base alle esigenze di ogni cliente. Offriamo soluzioni logistiche per diverse modalit\u00e0 e carichi da trasportare in territorio nazionale e internazionale, con consegne e consegne espresse, informazioni accurate e monitoraggio 24h. Il nostro obiettivo e obiettivo principali \u00e8 superare le aspettative dei nostri clienti. Pertanto, [&hellip;]\" \/>\n<meta property=\"og:url\" content=\"https:\/\/fkslogistics.com.br\/it\/differenziale\/\" \/>\n<meta property=\"og:site_name\" content=\"FKS Logistics | Trasporto\" \/>\n<meta property=\"article:modified_time\" content=\"2019-05-21T12:30:41+00:00\" \/>\n<meta name=\"twitter:card\" content=\"summary_large_image\" \/>\n<meta name=\"twitter:label1\" content=\"Est. tempo de leitura\" \/>\n\t<meta name=\"twitter:data1\" content=\"1 minuto\" \/>\n<script type=\"application\/ld+json\" class=\"yoast-schema-graph\">{\"@context\":\"https:\/\/schema.org\",\"@graph\":[{\"@type\":\"WebPage\",\"@id\":\"https:\/\/fkslogistics.com.br\/it\/differenziale\/\",\"url\":\"https:\/\/fkslogistics.com.br\/it\/differenziale\/\",\"name\":\"Differenziale - FKS Logistics | Trasporto\",\"isPartOf\":{\"@id\":\"https:\/\/fkslogistics.com.br\/it\/#website\"},\"datePublished\":\"2018-04-10T18:22:38+00:00\",\"dateModified\":\"2019-05-21T12:30:41+00:00\",\"breadcrumb\":{\"@id\":\"https:\/\/fkslogistics.com.br\/it\/differenziale\/#breadcrumb\"},\"inLanguage\":\"pt-BR\",\"potentialAction\":[{\"@type\":\"ReadAction\",\"target\":[\"https:\/\/fkslogistics.com.br\/it\/differenziale\/\"]}]},{\"@type\":\"BreadcrumbList\",\"@id\":\"https:\/\/fkslogistics.com.br\/it\/differenziale\/#breadcrumb\",\"itemListElement\":[{\"@type\":\"ListItem\",\"position\":1,\"name\":\"In\u00edcio\",\"item\":\"https:\/\/fkslogistics.com.br\/it\/\"},{\"@type\":\"ListItem\",\"position\":2,\"name\":\"Differenziale\"}]},{\"@type\":\"WebSite\",\"@id\":\"https:\/\/fkslogistics.com.br\/it\/#website\",\"url\":\"https:\/\/fkslogistics.com.br\/it\/\",\"name\":\"FKS Logistics | Trasporto\",\"description\":\"-\",\"potentialAction\":[{\"@type\":\"SearchAction\",\"target\":{\"@type\":\"EntryPoint\",\"urlTemplate\":\"https:\/\/fkslogistics.com.br\/it\/?s={search_term_string}\"},\"query-input\":{\"@type\":\"PropertyValueSpecification\",\"valueRequired\":true,\"valueName\":\"search_term_string\"}}],\"inLanguage\":\"pt-BR\"}]}<\/script>\n<!-- \/ Yoast SEO plugin. -->","yoast_head_json":{"title":"Differenziale - FKS Logistics | Trasporto","robots":{"index":"index","follow":"follow","max-snippet":"max-snippet:-1","max-image-preview":"max-image-preview:large","max-video-preview":"max-video-preview:-1"},"canonical":"https:\/\/fkslogistics.com.br\/it\/differenziale\/","og_locale":"pt_BR","og_type":"article","og_title":"Differenziale - FKS Logistics | Trasporto","og_description":"Il nostro differenziale FKS Logistics offre un servizio personalizzato in base alle esigenze di ogni cliente. Offriamo soluzioni logistiche per diverse modalit\u00e0 e carichi da trasportare in territorio nazionale e internazionale, con consegne e consegne espresse, informazioni accurate e monitoraggio 24h. Il nostro obiettivo e obiettivo principali \u00e8 superare le aspettative dei nostri clienti. Pertanto, [&hellip;]","og_url":"https:\/\/fkslogistics.com.br\/it\/differenziale\/","og_site_name":"FKS Logistics | Trasporto","article_modified_time":"2019-05-21T12:30:41+00:00","twitter_card":"summary_large_image","twitter_misc":{"Est. tempo de leitura":"1 minuto"},"schema":{"@context":"https:\/\/schema.org","@graph":[{"@type":"WebPage","@id":"https:\/\/fkslogistics.com.br\/it\/differenziale\/","url":"https:\/\/fkslogistics.com.br\/it\/differenziale\/","name":"Differenziale - FKS Logistics | Trasporto","isPartOf":{"@id":"https:\/\/fkslogistics.com.br\/it\/#website"},"datePublished":"2018-04-10T18:22:38+00:00","dateModified":"2019-05-21T12:30:41+00:00","breadcrumb":{"@id":"https:\/\/fkslogistics.com.br\/it\/differenziale\/#breadcrumb"},"inLanguage":"pt-BR","potentialAction":[{"@type":"ReadAction","target":["https:\/\/fkslogistics.com.br\/it\/differenziale\/"]}]},{"@type":"BreadcrumbList","@id":"https:\/\/fkslogistics.com.br\/it\/differenziale\/#breadcrumb","itemListElement":[{"@type":"ListItem","position":1,"name":"In\u00edcio","item":"https:\/\/fkslogistics.com.br\/it\/"},{"@type":"ListItem","position":2,"name":"Differenziale"}]},{"@type":"WebSite","@id":"https:\/\/fkslogistics.com.br\/it\/#website","url":"https:\/\/fkslogistics.com.br\/it\/","name":"FKS Logistics | Trasporto","description":"-","potentialAction":[{"@type":"SearchAction","target":{"@type":"EntryPoint","urlTemplate":"https:\/\/fkslogistics.com.br\/it\/?s={search_term_string}"},"query-input":{"@type":"PropertyValueSpecification","valueRequired":true,"valueName":"search_term_string"}}],"inLanguage":"pt-BR"}]}},"_links":{"self":[{"href":"https:\/\/fkslogistics.com.br\/it\/wp-json\/wp\/v2\/pages\/200","targetHints":{"allow":["GET"]}}],"collection":[{"href":"https:\/\/fkslogistics.com.br\/it\/wp-json\/wp\/v2\/pages"}],"about":[{"href":"https:\/\/fkslogistics.com.br\/it\/wp-json\/wp\/v2\/types\/page"}],"author":[{"embeddable":true,"href":"https:\/\/fkslogistics.com.br\/it\/wp-json\/wp\/v2\/users\/2"}],"replies":[{"embeddable":true,"href":"https:\/\/fkslogistics.com.br\/it\/wp-json\/wp\/v2\/comments?post=200"}],"version-history":[{"count":9,"href":"https:\/\/fkslogistics.com.br\/it\/wp-json\/wp\/v2\/pages\/200\/revisions"}],"predecessor-version":[{"id":452,"href":"https:\/\/fkslogistics.com.br\/it\/wp-json\/wp\/v2\/pages\/200\/revisions\/452"}],"wp:attachment":[{"href":"https:\/\/fkslogistics.com.br\/it\/wp-json\/wp\/v2\/media?parent=200"}],"curies":[{"name":"wp","href":"https:\/\/api.w.org\/{rel}","templated":true}]}}