{"id":190,"date":"2018-04-10T15:18:51","date_gmt":"2018-04-10T18:18:51","guid":{"rendered":"https:\/\/escola.pinturaresidencialgallegos.com.br\/?page_id=190"},"modified":"2019-05-21T09:31:16","modified_gmt":"2019-05-21T12:31:16","slug":"trasporto-aereo","status":"publish","type":"page","link":"https:\/\/fkslogistics.com.br\/it\/servizio\/trasporto-aereo\/","title":{"rendered":"Trasporto Aereo"},"content":{"rendered":"<section id=\"servicos\">\n<div class=\"row\">\n<div class=\"col-xs-12 titulo\">\n<h2>Servizio Aereo<\/h2>\n<\/p><\/div>\n<\/p><\/div>\n<div class=\"row\">\n<div class=\"col-xs-12 col-sm-6 servicos\">\n<div class=\"servicos-bloco\">\n<p>Con la copertura dei partner in tutto il mondo, forniamo il miglior servizio di spedizione aerea, garantendo sempre agilit\u00e0 e puntualit\u00e0 nelle spedizioni.<\/p>\n<p> Con FKS Logistics i trasporti internazionali sono forniti con agilit\u00e0 e offrono il miglior rapporto costi-benefici nel trasporto intermodale.<\/p>\n<ul>\n<li>Propri consolidamenti regolari con il minor tempo di transito per i principali aeroporti;<\/li>\n<li>Forte relazione con le compagnie aeree, i magazzini, che forniscono costi speciali per il cliente all&#8217;origine e alla destinazione;<\/li>\n<li>Servizi differenziati per i carichi prioritari;<\/li>\n<li>Un chiaro follow-up, obiettivo e flessibile in base alle esigenze di ciascun cliente.<\/li>\n<\/ul><\/div>\n<\/p><\/div>\n<div class=\"col-xs-12 col-sm-6 servicos\">\n<div class=\"servicos-imagem\">\n\t\t\t\t<img loading=\"lazy\" decoding=\"async\" src=\"\/wp-content\/uploads\/2018\/04\/transporte-aereo-02.jpg\" alt=\"Trasporto Aereo\" width=\"800\" height=\"500\" class=\"alignnone size-full wp-image-289\" \/>\n\t\t\t<\/div>\n<\/p><\/div>\n<\/p><\/div>\n<div class=\"row\">\n<div class=\"col-xs-12 col-sm-6 servicos\">\n<div class=\"servicos-bloco\">\n<h3>Nazionale<\/h3>\n<p>&nbsp;<\/p>\n<h4>Convenzionale<\/h4>\n<p>\u00c8 un modale di aria con cambio di navigazione da 24 a 36 ore dopo la spedizione. Con tracciamento e posizionamento via email ogni 2 ore fino al momento della consegna nella destinazione finale.<\/p>\n<p>&nbsp;<\/p>\n<h4>Prossimo volo<\/h4>\n<p>Modale con priorit\u00e0 di spedizione con carrello da 12 a 24 ore dopo la spedizione. Con un team di monitoraggio preparato e posizionato ogni 2 ore, che accompagna sempre l&#8217;uscita di Sefaz con veicoli sempre apposti per raggiungere la destinazione finale.<\/p>\n<\/p><\/div>\n<\/p><\/div>\n<div class=\"col-xs-12 col-sm-6 servicos\">\n<div class=\"servicos-imagem\">\n\t\t\t\t<img loading=\"lazy\" decoding=\"async\" src=\"\/wp-content\/uploads\/2018\/04\/transporte-aereo-03.jpg\" alt=\"Trasporto Aereo\" width=\"900\" height=\"600\" class=\"alignnone size-full wp-image-326\" \/>\n\t\t\t<\/div>\n<\/p><\/div>\n<\/p><\/div>\n<\/section>\n<section id=\"contato-paginas\" class=\"full-screen-block\">\n<div class=\"row\">\n<div class=\"col-xs-12 col-sm-6\">\n<div class=\"contato-paginas\">\n<div class=\"contato-paginas-lateral\">\n<div class=\"titulo\">\n<h2>Fai un preventivo<\/h2>\n<\/p><\/div>\n<div class=\"contato-texto\">\n<p>Per richiedere un preventivo, ricevere maggiori informazioni o se avete domande o suggerimenti, si prega di parlare con il nostro team. Compila il modulo e ti contatteremo a breve.<\/p>\n<\/p><\/div>\n<\/p><\/div>\n<\/p><\/div>\n<\/p><\/div>\n<div class=\"col-xs-12 col-sm-6\">\n<div class=\"contato-paginas\">\n<div class=\"contato-formulario\">\n\t\t\t\t\t\n<div class=\"wpcf7 no-js\" id=\"wpcf7-f367-o1\" lang=\"pt-BR\" dir=\"ltr\" data-wpcf7-id=\"367\">\n<div class=\"screen-reader-response\"><p role=\"status\" aria-live=\"polite\" aria-atomic=\"true\"><\/p> <ul><\/ul><\/div>\n<form action=\"\/it\/wp-json\/wp\/v2\/pages\/190#wpcf7-f367-o1\" method=\"post\" class=\"wpcf7-form init\" aria-label=\"Formul\u00e1rios de contato\" novalidate=\"novalidate\" data-status=\"init\">\n<div style=\"display: none;\">\n<input type=\"hidden\" name=\"_wpcf7\" value=\"367\" \/>\n<input type=\"hidden\" name=\"_wpcf7_version\" value=\"6.0.6\" \/>\n<input type=\"hidden\" name=\"_wpcf7_locale\" value=\"pt_BR\" \/>\n<input type=\"hidden\" name=\"_wpcf7_unit_tag\" value=\"wpcf7-f367-o1\" \/>\n<input type=\"hidden\" name=\"_wpcf7_container_post\" value=\"0\" \/>\n<input type=\"hidden\" name=\"_wpcf7_posted_data_hash\" value=\"\" \/>\n<\/div>\n<p><label><span class=\"wpcf7-form-control-wrap\" data-name=\"your-name\"><input size=\"40\" maxlength=\"400\" class=\"wpcf7-form-control wpcf7-text wpcf7-validates-as-required\" aria-required=\"true\" aria-invalid=\"false\" placeholder=\"Nome\" value=\"\" type=\"text\" name=\"your-name\" \/><\/span><\/label>\n<\/p>\n<p><label><span class=\"wpcf7-form-control-wrap\" data-name=\"your-email\"><input size=\"40\" maxlength=\"400\" class=\"wpcf7-form-control wpcf7-email wpcf7-validates-as-required wpcf7-text wpcf7-validates-as-email\" aria-required=\"true\" aria-invalid=\"false\" placeholder=\"Email\" value=\"\" type=\"email\" name=\"your-email\" \/><\/span><\/label>\n<\/p>\n<p><label><span class=\"wpcf7-form-control-wrap\" data-name=\"your-tel\"><input size=\"40\" maxlength=\"400\" class=\"wpcf7-form-control wpcf7-tel wpcf7-validates-as-required wpcf7-text wpcf7-validates-as-tel\" aria-required=\"true\" aria-invalid=\"false\" placeholder=\"Telefono\" value=\"\" type=\"tel\" name=\"your-tel\" \/><\/span><\/label>\n<\/p>\n<p><label><span class=\"wpcf7-form-control-wrap\" data-name=\"your-place\"><input size=\"40\" maxlength=\"400\" class=\"wpcf7-form-control wpcf7-text wpcf7-validates-as-required\" aria-required=\"true\" aria-invalid=\"false\" placeholder=\"Locale\" value=\"\" type=\"text\" name=\"your-place\" \/><\/span><\/label>\n<\/p>\n<p><label><span class=\"wpcf7-form-control-wrap\" data-name=\"your-service\"><select class=\"wpcf7-form-control wpcf7-select wpcf7-validates-as-required\" aria-required=\"true\" aria-invalid=\"false\" name=\"your-service\"><option value=\"Quale servizio?\">Quale servizio?<\/option><option value=\"Trasporto Aereo\">Trasporto Aereo<\/option><option value=\"Trasporto Marittimo\">Trasporto Marittimo<\/option><option value=\"Trasporto Stradale\">Trasporto Stradale<\/option><option value=\"Hand Cargo\">Hand Cargo<\/option><option value=\"Hotline\">Hotline<\/option><\/select><\/span><\/label>\n<\/p>\n<p><label><span class=\"wpcf7-form-control-wrap\" data-name=\"your-message\"><textarea cols=\"40\" rows=\"10\" maxlength=\"2000\" class=\"wpcf7-form-control wpcf7-textarea wpcf7-validates-as-required\" aria-required=\"true\" aria-invalid=\"false\" placeholder=\"Messaggio\" name=\"your-message\"><\/textarea><\/span><\/label>\n<\/p>\n<p><input class=\"wpcf7-form-control wpcf7-submit has-spinner\" type=\"submit\" value=\"Inviare\" \/>\n<\/p><div class=\"wpcf7-response-output\" aria-hidden=\"true\"><\/div>\n<\/form>\n<\/div>\n\n\t\t\t\t<\/div>\n<\/p><\/div>\n<\/p><\/div>\n<\/p><\/div>\n<\/section>\n","protected":false},"excerpt":{"rendered":"<p>Servizio Aereo Con la copertura dei partner in tutto il mondo, forniamo il miglior servizio di spedizione aerea, garantendo sempre agilit\u00e0 e puntualit\u00e0 nelle spedizioni. Con FKS Logistics i trasporti internazionali sono forniti con agilit\u00e0 e offrono il miglior rapporto costi-benefici nel trasporto intermodale. Propri consolidamenti regolari con il minor tempo di transito per i [&hellip;]<\/p>\n","protected":false},"author":2,"featured_media":0,"parent":187,"menu_order":1,"comment_status":"closed","ping_status":"closed","template":"","meta":{"footnotes":""},"class_list":["post-190","page","type-page","status-publish","hentry"],"yoast_head":"<!-- This site is optimized with the Yoast SEO plugin v24.2 - https:\/\/yoast.com\/wordpress\/plugins\/seo\/ -->\n<title>Trasporto Aereo - FKS Logistics | Trasporto<\/title>\n<meta name=\"robots\" content=\"index, follow, max-snippet:-1, max-image-preview:large, max-video-preview:-1\" \/>\n<link rel=\"canonical\" href=\"https:\/\/fkslogistics.com.br\/it\/servizio\/trasporto-aereo\/\" \/>\n<meta property=\"og:locale\" content=\"pt_BR\" \/>\n<meta property=\"og:type\" content=\"article\" \/>\n<meta property=\"og:title\" content=\"Trasporto Aereo - FKS Logistics | Trasporto\" \/>\n<meta property=\"og:description\" content=\"Servizio Aereo Con la copertura dei partner in tutto il mondo, forniamo il miglior servizio di spedizione aerea, garantendo sempre agilit\u00e0 e puntualit\u00e0 nelle spedizioni. Con FKS Logistics i trasporti internazionali sono forniti con agilit\u00e0 e offrono il miglior rapporto costi-benefici nel trasporto intermodale. Propri consolidamenti regolari con il minor tempo di transito per i [&hellip;]\" \/>\n<meta property=\"og:url\" content=\"https:\/\/fkslogistics.com.br\/it\/servizio\/trasporto-aereo\/\" \/>\n<meta property=\"og:site_name\" content=\"FKS Logistics | Trasporto\" \/>\n<meta property=\"article:modified_time\" content=\"2019-05-21T12:31:16+00:00\" \/>\n<meta name=\"twitter:card\" content=\"summary_large_image\" \/>\n<meta name=\"twitter:label1\" content=\"Est. tempo de leitura\" \/>\n\t<meta name=\"twitter:data1\" content=\"1 minuto\" \/>\n<script type=\"application\/ld+json\" class=\"yoast-schema-graph\">{\"@context\":\"https:\/\/schema.org\",\"@graph\":[{\"@type\":\"WebPage\",\"@id\":\"https:\/\/fkslogistics.com.br\/it\/servizio\/trasporto-aereo\/\",\"url\":\"https:\/\/fkslogistics.com.br\/it\/servizio\/trasporto-aereo\/\",\"name\":\"Trasporto Aereo - FKS Logistics | Trasporto\",\"isPartOf\":{\"@id\":\"https:\/\/fkslogistics.com.br\/it\/#website\"},\"datePublished\":\"2018-04-10T18:18:51+00:00\",\"dateModified\":\"2019-05-21T12:31:16+00:00\",\"breadcrumb\":{\"@id\":\"https:\/\/fkslogistics.com.br\/it\/servizio\/trasporto-aereo\/#breadcrumb\"},\"inLanguage\":\"pt-BR\",\"potentialAction\":[{\"@type\":\"ReadAction\",\"target\":[\"https:\/\/fkslogistics.com.br\/it\/servizio\/trasporto-aereo\/\"]}]},{\"@type\":\"BreadcrumbList\",\"@id\":\"https:\/\/fkslogistics.com.br\/it\/servizio\/trasporto-aereo\/#breadcrumb\",\"itemListElement\":[{\"@type\":\"ListItem\",\"position\":1,\"name\":\"In\u00edcio\",\"item\":\"https:\/\/fkslogistics.com.br\/it\/\"},{\"@type\":\"ListItem\",\"position\":2,\"name\":\"Servizio\",\"item\":\"https:\/\/fkslogistics.com.br\/it\/servizio\/\"},{\"@type\":\"ListItem\",\"position\":3,\"name\":\"Trasporto Aereo\"}]},{\"@type\":\"WebSite\",\"@id\":\"https:\/\/fkslogistics.com.br\/it\/#website\",\"url\":\"https:\/\/fkslogistics.com.br\/it\/\",\"name\":\"FKS Logistics | Trasporto\",\"description\":\"-\",\"potentialAction\":[{\"@type\":\"SearchAction\",\"target\":{\"@type\":\"EntryPoint\",\"urlTemplate\":\"https:\/\/fkslogistics.com.br\/it\/?s={search_term_string}\"},\"query-input\":{\"@type\":\"PropertyValueSpecification\",\"valueRequired\":true,\"valueName\":\"search_term_string\"}}],\"inLanguage\":\"pt-BR\"}]}<\/script>\n<!-- \/ Yoast SEO plugin. -->","yoast_head_json":{"title":"Trasporto Aereo - FKS Logistics | Trasporto","robots":{"index":"index","follow":"follow","max-snippet":"max-snippet:-1","max-image-preview":"max-image-preview:large","max-video-preview":"max-video-preview:-1"},"canonical":"https:\/\/fkslogistics.com.br\/it\/servizio\/trasporto-aereo\/","og_locale":"pt_BR","og_type":"article","og_title":"Trasporto Aereo - FKS Logistics | Trasporto","og_description":"Servizio Aereo Con la copertura dei partner in tutto il mondo, forniamo il miglior servizio di spedizione aerea, garantendo sempre agilit\u00e0 e puntualit\u00e0 nelle spedizioni. Con FKS Logistics i trasporti internazionali sono forniti con agilit\u00e0 e offrono il miglior rapporto costi-benefici nel trasporto intermodale. Propri consolidamenti regolari con il minor tempo di transito per i [&hellip;]","og_url":"https:\/\/fkslogistics.com.br\/it\/servizio\/trasporto-aereo\/","og_site_name":"FKS Logistics | Trasporto","article_modified_time":"2019-05-21T12:31:16+00:00","twitter_card":"summary_large_image","twitter_misc":{"Est. tempo de leitura":"1 minuto"},"schema":{"@context":"https:\/\/schema.org","@graph":[{"@type":"WebPage","@id":"https:\/\/fkslogistics.com.br\/it\/servizio\/trasporto-aereo\/","url":"https:\/\/fkslogistics.com.br\/it\/servizio\/trasporto-aereo\/","name":"Trasporto Aereo - FKS Logistics | Trasporto","isPartOf":{"@id":"https:\/\/fkslogistics.com.br\/it\/#website"},"datePublished":"2018-04-10T18:18:51+00:00","dateModified":"2019-05-21T12:31:16+00:00","breadcrumb":{"@id":"https:\/\/fkslogistics.com.br\/it\/servizio\/trasporto-aereo\/#breadcrumb"},"inLanguage":"pt-BR","potentialAction":[{"@type":"ReadAction","target":["https:\/\/fkslogistics.com.br\/it\/servizio\/trasporto-aereo\/"]}]},{"@type":"BreadcrumbList","@id":"https:\/\/fkslogistics.com.br\/it\/servizio\/trasporto-aereo\/#breadcrumb","itemListElement":[{"@type":"ListItem","position":1,"name":"In\u00edcio","item":"https:\/\/fkslogistics.com.br\/it\/"},{"@type":"ListItem","position":2,"name":"Servizio","item":"https:\/\/fkslogistics.com.br\/it\/servizio\/"},{"@type":"ListItem","position":3,"name":"Trasporto Aereo"}]},{"@type":"WebSite","@id":"https:\/\/fkslogistics.com.br\/it\/#website","url":"https:\/\/fkslogistics.com.br\/it\/","name":"FKS Logistics | Trasporto","description":"-","potentialAction":[{"@type":"SearchAction","target":{"@type":"EntryPoint","urlTemplate":"https:\/\/fkslogistics.com.br\/it\/?s={search_term_string}"},"query-input":{"@type":"PropertyValueSpecification","valueRequired":true,"valueName":"search_term_string"}}],"inLanguage":"pt-BR"}]}},"_links":{"self":[{"href":"https:\/\/fkslogistics.com.br\/it\/wp-json\/wp\/v2\/pages\/190","targetHints":{"allow":["GET"]}}],"collection":[{"href":"https:\/\/fkslogistics.com.br\/it\/wp-json\/wp\/v2\/pages"}],"about":[{"href":"https:\/\/fkslogistics.com.br\/it\/wp-json\/wp\/v2\/types\/page"}],"author":[{"embeddable":true,"href":"https:\/\/fkslogistics.com.br\/it\/wp-json\/wp\/v2\/users\/2"}],"replies":[{"embeddable":true,"href":"https:\/\/fkslogistics.com.br\/it\/wp-json\/wp\/v2\/comments?post=190"}],"version-history":[{"count":6,"href":"https:\/\/fkslogistics.com.br\/it\/wp-json\/wp\/v2\/pages\/190\/revisions"}],"predecessor-version":[{"id":465,"href":"https:\/\/fkslogistics.com.br\/it\/wp-json\/wp\/v2\/pages\/190\/revisions\/465"}],"up":[{"embeddable":true,"href":"https:\/\/fkslogistics.com.br\/it\/wp-json\/wp\/v2\/pages\/187"}],"wp:attachment":[{"href":"https:\/\/fkslogistics.com.br\/it\/wp-json\/wp\/v2\/media?parent=190"}],"curies":[{"name":"wp","href":"https:\/\/api.w.org\/{rel}","templated":true}]}}