{"id":184,"date":"2018-04-10T15:17:45","date_gmt":"2018-04-10T18:17:45","guid":{"rendered":"https:\/\/escola.pinturaresidencialgallegos.com.br\/?page_id=184"},"modified":"2023-01-24T12:02:36","modified_gmt":"2023-01-24T15:02:36","slug":"chi-siamo","status":"publish","type":"page","link":"https:\/\/fkslogistics.com.br\/it\/chi-siamo\/","title":{"rendered":"Chi Siamo"},"content":{"rendered":"<section id=\"historia\">\n<div class=\"row\">\n<div class=\"col-xs-12 titulo\">\n<h2>Chi Siamo<\/h2>\n<\/div>\n<\/div>\n<div class=\"row\">\n<div class=\"col-xs-12 historia\">\n<p>Situato nella citt\u00e0 di Diadema, FKS Logistics \u00e8 stata inizialmente fondata con l&#8217;obiettivo di trasportare carichi critici dalla regione ABC di San Paolo alle citt\u00e0 all&#8217;interno dello stato di San Paolo e nel nord del Paran\u00e1.<\/p>\n<p>Concentrandosi sulle esigenze dei nostri clienti e mirando alla crescita dell&#8217;operazione, abbiamo formato uno staff tecnico in grado di sviluppare soluzioni per il trasporto di componenti di grandi dimensioni in altre regioni.<\/p>\n<p>Trasportiamo grandi componenti di grande importanza per il settore elettrico brasiliano, come i materiali destinati alla costruzione della centrale idroelettrica di Belo Monte nel bacino del fiume Xingu, nello stato sud-occidentale del Par\u00e1, e per i parchi eolici situati nella regione nord-orientale.<\/p>\n<p>Durante lo sviluppo di attivit\u00e0 logistiche nella regione nord-orientale, sono state create partnership con grandi societ\u00e0 di sistemi, produttori di ricambi auto, che forniscono i produttori di automobili. Con il movimento dei carichi dalle rispettive catene di produzione, processi come Magazzino, Consolidamento del carico, Corsa del latte, Just in time, Cross-docking sono diventati parte del nostro ambito di lavoro.<\/p>\n<p>Rispondendo al mercato automobilistico, c&#8217;erano richieste di spedizioni prioritarie, che riguardavano carichi con materiali critici, che dovevano essere trasportati via modale in tutto il territorio nazionale. Sviluppiamo sempre le nostre attivit\u00e0 privilegiando il rispetto delle scadenze e la riduzione dei costi per i nostri clienti.<\/p>\n<p>Sulla base delle necessit\u00e0 dei nostri clienti e con tutto il know-how accumulato nella nostra traiettoria, abbiamo deciso di creare partnership e percorsi in un ambito globale. Abbiamo iniziato a operare in Nord America, America Centrale, Europa e Asia, con trasporti internazionali che coinvolgono modalit\u00e0 stradali, marittime e aeree.<\/p>\n<p>Pertanto, sulla base di questo ampio portafoglio di attivit\u00e0 ed esperienze accumulate nel corso degli anni, FKS Logistics ha sviluppato e adattato alle esigenze dei clienti, offrendo attualmente soluzioni logistiche e un servizio personalizzato come principale differenziale.<\/p>\n<p>Siamo a disposizione per fornire un servizio completo di trasporto e logistica, soddisfare tutte le vostre aspettative e fornire il miglior risultato. Vi preghiamo di contattarci e vi ringraziamo per aver fatto affidamento sul nostro lavoro.<\/p>\n<\/div>\n<\/div>\n<div class=\"row\">\n<div class=\"col-xs-12 col-sm-4 missao\">\n<h4>Missione<\/h4>\n<p>Fornisci movimenti di merci nel territorio nazionale e internazionale con seriet\u00e0 e agilit\u00e0, assicurando consegne puntuali e superando le aspettative dei nostri clienti.<\/p>\n<\/div>\n<div class=\"col-xs-12 col-sm-4 missao\">\n<h4>Visione<\/h4>\n<p>Essere la societ\u00e0 di riferimento nel trasporto multimodale in un ambiente agile, affidabile, sostenibile e globalizzato.<\/p>\n<\/div>\n<div class=\"col-xs-12 col-sm-4 missao\">\n<h4>Valori<\/h4>\n<p>Rispetto &#8211; Integrit\u00e0 &#8211; Impegno &#8211; Eccellenza &#8211; Innovazione &#8211; Esito<\/p>\n<\/div>\n<\/div>\n<\/section>\n<section id=\"politica\" class=\"full-screen-block\">\n<div class=\"row\">\n<div class=\"col-xs-12 col-md-6 politica\">\n<h2>Politica di qualit\u00e0<\/h2>\n<p>FKS LOGISTICS ha come obiettivo principale la promozione della soddisfazione dei clienti e delle altre parti interessate, impegnandosi a soddisfare i requisiti applicabili per la fornitura di servizi logistici e la crescita sostenibile dell&#8217;azienda.<\/p>\n<p>Offrire le migliori soluzioni di trasporto merci in diverse modalit\u00e0 con il nostro team di dipendenti coinvolti nella costante ricerca del miglioramento continuo.<\/p>\n<\/div>\n<div class=\"col-xs-12 col-md-6 politica\"><img decoding=\"async\" src=\"\/it\/wp-content\/uploads\/2019\/11\/politica-de-qualidade-it.jpg\" alt=\"Politica di qualit\u00e0\" \/><\/div>\n<\/div>\n<\/section>\n<section id=\"cta\" class=\"full-screen-block\">\n<div class=\"cta-bloco\">\n<aside class=\"cta-icone\"><i class=\"fa fa-globe\"><\/i><\/aside>\n<aside class=\"cta-texto\">\n<h2>Servizio in tutto il Brasile con copertura mondiale!<\/h2>\n<p>Velocit\u00e0 ed eccellenza nella raccolta e consegna nazionale e internazionale<\/p>\n<p>&nbsp;<\/p>\n<\/aside>\n<\/div>\n<\/section>\n<section id=\"veja-mais\">\n<div class=\"row\">\n<div class=\"col-xs-12 titulo\">\n<h2>Etica e Politica di condotta<\/h2>\n<p>La missione di FKS Logistics \u00e8 fornire la movimentazione delle merci sul territorio nazionale e internazionale con seriet\u00e0 e agilit\u00e0, garantendo consegne puntuali e superando le aspettative dei nostri clienti.<\/p>\n<p>Facciamo affidamento su valori etici come rispetto, integrit\u00e0, impegno, eccellenza, innovazione e risultati, insieme all&#8217;impegno per raggiungere il nostro scopo, &#8220;Essere un riferimento nel trasporto multimodale in un ambiente agile, affidabile, sostenibile e globalizzato&#8221;.<\/p>\n<p>Questa Politica stabilisce le linee guida per garantire che le parti interessate all&#8217;organizzazione comprendano e rispettino le leggi anticorruzione e prevenzione della concussione applicabili in tutte le interazioni con i clienti attuali e futuri (nella sfera pubblica o privata), come agenti pubblici, fornitori, donatori o sponsor, in qualsiasi luogo in cui opera FKS Logistics.<\/p>\n<p>Le nostre decisioni e azioni hanno effetti su tutti coloro che intrattengono relazioni con noi, in questo modo la politica definisce gli indirizzi e qualifica le pratiche desiderate e pi\u00f9 appropriate che garantiscono il nostro impegno per l&#8217;etica e la trasparenza negli affari, il rispetto dei diritti umani, la diversit\u00e0 e la ambiente.<\/p>\n<p><img loading=\"lazy\" decoding=\"async\" class=\"alignnone  wp-image-491\" src=\"https:\/\/fkslogistics.com.br\/it\/wp-content\/uploads\/2023\/01\/canale-di-segnalazione-it-300x59.png\" alt=\"\" width=\"890\" height=\"175\" srcset=\"https:\/\/fkslogistics.com.br\/it\/wp-content\/uploads\/2023\/01\/canale-di-segnalazione-it-300x59.png 300w, https:\/\/fkslogistics.com.br\/it\/wp-content\/uploads\/2023\/01\/canale-di-segnalazione-it-768x150.png 768w, https:\/\/fkslogistics.com.br\/it\/wp-content\/uploads\/2023\/01\/canale-di-segnalazione-it-1024x201.png 1024w, https:\/\/fkslogistics.com.br\/it\/wp-content\/uploads\/2023\/01\/canale-di-segnalazione-it-624x122.png 624w, https:\/\/fkslogistics.com.br\/it\/wp-content\/uploads\/2023\/01\/canale-di-segnalazione-it.png 1200w\" sizes=\"auto, (max-width: 890px) 100vw, 890px\" \/><\/p>\n<p>Cerchiamo fornitori e partner commerciali trasparenti e con lo stesso senso di responsabilit\u00e0 amministrativa indipendentemente dalle attivit\u00e0 nazionali e internazionali svolte.<\/p>\n<p>FKS Logistics ha una serie di linee guida che sono premesse per il comportamento dei suoi dipendenti, e affinch\u00e9 possiamo camminare insieme con la stessa visione, garantendo relazioni nazionali e internazionali come:<\/p>\n<p>\u2022 Rispettare tutti i diritti umani, dei lavoratori e dell&#8217;ambiente;<br \/>\n\u2022 Rifiutare qualsiasi forma di corruzione, sia pubblica che privata;<br \/>\n\u2022 Rifiutare qualsiasi accordo o pratica scorretta, garantendo la libera concorrenza;<br \/>\n\u2022 Rifiutare situazioni in cui i vostri interessi privati \u200b\u200bo quelli dei vostri dipendenti possano essere in conflitto con gli interessi di FKS Logistics, o situazioni che possano compromettere l&#8217;indipendenza di giudizio dei nostri dipendenti o essere dannose per l&#8217;immagine o la reputazione dell&#8217;azienda;<br \/>\n\u2022 Rispettare incondizionatamente le leggi e le regole interne e contrattuali di riservatezza e trattamento di dati o informazioni riservate e\/o sensibili.<br \/>\n\u2022 Rifiutare di ricevere doni che esulano dalle linee guida definite nel nostro \u201cCodice di Condotta\u201d interno di condotta etica.<\/p>\n<\/div>\n<\/div>\n<\/section>\n<h2>Accesso Anche<\/h2>\n<p><img loading=\"lazy\" decoding=\"async\" class=\"alignnone size-full wp-image-366\" src=\"\/wp-content\/uploads\/2018\/04\/transporte-rodoviario-03.jpg\" alt=\"Transporte Rodovi\u00e1rio\" width=\"800\" height=\"500\" \/><\/p>\n<section id=\"veja-mais\">\n<div class=\"row\">\n<div class=\"col-xs-12 col-sm-4 veja\">\n<div class=\"veja-bloco\">\n<div class=\"veja-nome\">\n<h4>Differenziale<\/h4>\n<\/div>\n<p>&nbsp;<\/p>\n<\/div>\n<\/div>\n<div class=\"col-xs-12 col-sm-4 veja\">\n<div class=\"veja-bloco\">\n<div class=\"veja-imagem\"><img loading=\"lazy\" decoding=\"async\" class=\"alignnone size-full wp-image-317\" src=\"\/wp-content\/uploads\/2018\/04\/transportes-02.jpg\" alt=\"Servi\u00e7os\" width=\"800\" height=\"500\" \/><\/div>\n<div class=\"veja-nome\">\n<h4>Servizio<\/h4>\n<\/div>\n<p>&nbsp;<\/p>\n<\/div>\n<\/div>\n<div class=\"col-xs-12 col-sm-4 veja\">\n<div class=\"veja-bloco\">\n<div class=\"veja-imagem\"><img loading=\"lazy\" decoding=\"async\" class=\"alignnone size-full wp-image-315\" src=\"\/wp-content\/uploads\/2018\/04\/contato-01.jpg\" alt=\"Atendimento\" width=\"800\" height=\"500\" \/><\/div>\n<div class=\"veja-nome\">\n<h4>Contattaci<\/h4>\n<\/div>\n<p>&nbsp;<\/p>\n<\/div>\n<\/div>\n<\/div>\n<\/section>\n","protected":false},"excerpt":{"rendered":"<p>Chi Siamo Situato nella citt\u00e0 di Diadema, FKS Logistics \u00e8 stata inizialmente fondata con l&#8217;obiettivo di trasportare carichi critici dalla regione ABC di San Paolo alle citt\u00e0 all&#8217;interno dello stato di San Paolo e nel nord del Paran\u00e1. Concentrandosi sulle esigenze dei nostri clienti e mirando alla crescita dell&#8217;operazione, abbiamo formato uno staff tecnico in [&hellip;]<\/p>\n","protected":false},"author":2,"featured_media":0,"parent":0,"menu_order":2,"comment_status":"closed","ping_status":"closed","template":"","meta":{"footnotes":""},"class_list":["post-184","page","type-page","status-publish","hentry"],"yoast_head":"<!-- This site is optimized with the Yoast SEO plugin v24.2 - https:\/\/yoast.com\/wordpress\/plugins\/seo\/ -->\n<title>Chi Siamo - FKS Logistics | Trasporto<\/title>\n<meta name=\"robots\" content=\"index, follow, max-snippet:-1, max-image-preview:large, max-video-preview:-1\" \/>\n<link rel=\"canonical\" href=\"https:\/\/fkslogistics.com.br\/it\/chi-siamo\/\" \/>\n<meta property=\"og:locale\" content=\"pt_BR\" \/>\n<meta property=\"og:type\" content=\"article\" \/>\n<meta property=\"og:title\" content=\"Chi Siamo - FKS Logistics | Trasporto\" \/>\n<meta property=\"og:description\" content=\"Chi Siamo Situato nella citt\u00e0 di Diadema, FKS Logistics \u00e8 stata inizialmente fondata con l&#8217;obiettivo di trasportare carichi critici dalla regione ABC di San Paolo alle citt\u00e0 all&#8217;interno dello stato di San Paolo e nel nord del Paran\u00e1. Concentrandosi sulle esigenze dei nostri clienti e mirando alla crescita dell&#8217;operazione, abbiamo formato uno staff tecnico in [&hellip;]\" \/>\n<meta property=\"og:url\" content=\"https:\/\/fkslogistics.com.br\/it\/chi-siamo\/\" \/>\n<meta property=\"og:site_name\" content=\"FKS Logistics | Trasporto\" \/>\n<meta property=\"article:modified_time\" content=\"2023-01-24T15:02:36+00:00\" \/>\n<meta property=\"og:image\" content=\"https:\/\/fkslogistics.com.br\/it\/wp-content\/uploads\/2023\/01\/canale-di-segnalazione-it-300x59.png\" \/>\n<meta name=\"twitter:card\" content=\"summary_large_image\" \/>\n<meta name=\"twitter:label1\" content=\"Est. tempo de leitura\" \/>\n\t<meta name=\"twitter:data1\" content=\"4 minutos\" \/>\n<script type=\"application\/ld+json\" class=\"yoast-schema-graph\">{\"@context\":\"https:\/\/schema.org\",\"@graph\":[{\"@type\":\"WebPage\",\"@id\":\"https:\/\/fkslogistics.com.br\/it\/chi-siamo\/\",\"url\":\"https:\/\/fkslogistics.com.br\/it\/chi-siamo\/\",\"name\":\"Chi Siamo - FKS Logistics | Trasporto\",\"isPartOf\":{\"@id\":\"https:\/\/fkslogistics.com.br\/it\/#website\"},\"primaryImageOfPage\":{\"@id\":\"https:\/\/fkslogistics.com.br\/it\/chi-siamo\/#primaryimage\"},\"image\":{\"@id\":\"https:\/\/fkslogistics.com.br\/it\/chi-siamo\/#primaryimage\"},\"thumbnailUrl\":\"https:\/\/fkslogistics.com.br\/it\/wp-content\/uploads\/2023\/01\/canale-di-segnalazione-it-300x59.png\",\"datePublished\":\"2018-04-10T18:17:45+00:00\",\"dateModified\":\"2023-01-24T15:02:36+00:00\",\"breadcrumb\":{\"@id\":\"https:\/\/fkslogistics.com.br\/it\/chi-siamo\/#breadcrumb\"},\"inLanguage\":\"pt-BR\",\"potentialAction\":[{\"@type\":\"ReadAction\",\"target\":[\"https:\/\/fkslogistics.com.br\/it\/chi-siamo\/\"]}]},{\"@type\":\"ImageObject\",\"inLanguage\":\"pt-BR\",\"@id\":\"https:\/\/fkslogistics.com.br\/it\/chi-siamo\/#primaryimage\",\"url\":\"https:\/\/fkslogistics.com.br\/it\/wp-content\/uploads\/2023\/01\/canale-di-segnalazione-it.png\",\"contentUrl\":\"https:\/\/fkslogistics.com.br\/it\/wp-content\/uploads\/2023\/01\/canale-di-segnalazione-it.png\",\"width\":1200,\"height\":235},{\"@type\":\"BreadcrumbList\",\"@id\":\"https:\/\/fkslogistics.com.br\/it\/chi-siamo\/#breadcrumb\",\"itemListElement\":[{\"@type\":\"ListItem\",\"position\":1,\"name\":\"In\u00edcio\",\"item\":\"https:\/\/fkslogistics.com.br\/it\/\"},{\"@type\":\"ListItem\",\"position\":2,\"name\":\"Chi Siamo\"}]},{\"@type\":\"WebSite\",\"@id\":\"https:\/\/fkslogistics.com.br\/it\/#website\",\"url\":\"https:\/\/fkslogistics.com.br\/it\/\",\"name\":\"FKS Logistics | Trasporto\",\"description\":\"-\",\"potentialAction\":[{\"@type\":\"SearchAction\",\"target\":{\"@type\":\"EntryPoint\",\"urlTemplate\":\"https:\/\/fkslogistics.com.br\/it\/?s={search_term_string}\"},\"query-input\":{\"@type\":\"PropertyValueSpecification\",\"valueRequired\":true,\"valueName\":\"search_term_string\"}}],\"inLanguage\":\"pt-BR\"}]}<\/script>\n<!-- \/ Yoast SEO plugin. -->","yoast_head_json":{"title":"Chi Siamo - FKS Logistics | Trasporto","robots":{"index":"index","follow":"follow","max-snippet":"max-snippet:-1","max-image-preview":"max-image-preview:large","max-video-preview":"max-video-preview:-1"},"canonical":"https:\/\/fkslogistics.com.br\/it\/chi-siamo\/","og_locale":"pt_BR","og_type":"article","og_title":"Chi Siamo - FKS Logistics | Trasporto","og_description":"Chi Siamo Situato nella citt\u00e0 di Diadema, FKS Logistics \u00e8 stata inizialmente fondata con l&#8217;obiettivo di trasportare carichi critici dalla regione ABC di San Paolo alle citt\u00e0 all&#8217;interno dello stato di San Paolo e nel nord del Paran\u00e1. Concentrandosi sulle esigenze dei nostri clienti e mirando alla crescita dell&#8217;operazione, abbiamo formato uno staff tecnico in [&hellip;]","og_url":"https:\/\/fkslogistics.com.br\/it\/chi-siamo\/","og_site_name":"FKS Logistics | Trasporto","article_modified_time":"2023-01-24T15:02:36+00:00","og_image":[{"url":"https:\/\/fkslogistics.com.br\/it\/wp-content\/uploads\/2023\/01\/canale-di-segnalazione-it-300x59.png","type":"","width":"","height":""}],"twitter_card":"summary_large_image","twitter_misc":{"Est. tempo de leitura":"4 minutos"},"schema":{"@context":"https:\/\/schema.org","@graph":[{"@type":"WebPage","@id":"https:\/\/fkslogistics.com.br\/it\/chi-siamo\/","url":"https:\/\/fkslogistics.com.br\/it\/chi-siamo\/","name":"Chi Siamo - FKS Logistics | Trasporto","isPartOf":{"@id":"https:\/\/fkslogistics.com.br\/it\/#website"},"primaryImageOfPage":{"@id":"https:\/\/fkslogistics.com.br\/it\/chi-siamo\/#primaryimage"},"image":{"@id":"https:\/\/fkslogistics.com.br\/it\/chi-siamo\/#primaryimage"},"thumbnailUrl":"https:\/\/fkslogistics.com.br\/it\/wp-content\/uploads\/2023\/01\/canale-di-segnalazione-it-300x59.png","datePublished":"2018-04-10T18:17:45+00:00","dateModified":"2023-01-24T15:02:36+00:00","breadcrumb":{"@id":"https:\/\/fkslogistics.com.br\/it\/chi-siamo\/#breadcrumb"},"inLanguage":"pt-BR","potentialAction":[{"@type":"ReadAction","target":["https:\/\/fkslogistics.com.br\/it\/chi-siamo\/"]}]},{"@type":"ImageObject","inLanguage":"pt-BR","@id":"https:\/\/fkslogistics.com.br\/it\/chi-siamo\/#primaryimage","url":"https:\/\/fkslogistics.com.br\/it\/wp-content\/uploads\/2023\/01\/canale-di-segnalazione-it.png","contentUrl":"https:\/\/fkslogistics.com.br\/it\/wp-content\/uploads\/2023\/01\/canale-di-segnalazione-it.png","width":1200,"height":235},{"@type":"BreadcrumbList","@id":"https:\/\/fkslogistics.com.br\/it\/chi-siamo\/#breadcrumb","itemListElement":[{"@type":"ListItem","position":1,"name":"In\u00edcio","item":"https:\/\/fkslogistics.com.br\/it\/"},{"@type":"ListItem","position":2,"name":"Chi Siamo"}]},{"@type":"WebSite","@id":"https:\/\/fkslogistics.com.br\/it\/#website","url":"https:\/\/fkslogistics.com.br\/it\/","name":"FKS Logistics | Trasporto","description":"-","potentialAction":[{"@type":"SearchAction","target":{"@type":"EntryPoint","urlTemplate":"https:\/\/fkslogistics.com.br\/it\/?s={search_term_string}"},"query-input":{"@type":"PropertyValueSpecification","valueRequired":true,"valueName":"search_term_string"}}],"inLanguage":"pt-BR"}]}},"_links":{"self":[{"href":"https:\/\/fkslogistics.com.br\/it\/wp-json\/wp\/v2\/pages\/184","targetHints":{"allow":["GET"]}}],"collection":[{"href":"https:\/\/fkslogistics.com.br\/it\/wp-json\/wp\/v2\/pages"}],"about":[{"href":"https:\/\/fkslogistics.com.br\/it\/wp-json\/wp\/v2\/types\/page"}],"author":[{"embeddable":true,"href":"https:\/\/fkslogistics.com.br\/it\/wp-json\/wp\/v2\/users\/2"}],"replies":[{"embeddable":true,"href":"https:\/\/fkslogistics.com.br\/it\/wp-json\/wp\/v2\/comments?post=184"}],"version-history":[{"count":15,"href":"https:\/\/fkslogistics.com.br\/it\/wp-json\/wp\/v2\/pages\/184\/revisions"}],"predecessor-version":[{"id":494,"href":"https:\/\/fkslogistics.com.br\/it\/wp-json\/wp\/v2\/pages\/184\/revisions\/494"}],"wp:attachment":[{"href":"https:\/\/fkslogistics.com.br\/it\/wp-json\/wp\/v2\/media?parent=184"}],"curies":[{"name":"wp","href":"https:\/\/api.w.org\/{rel}","templated":true}]}}