{"id":174,"date":"2017-12-20T14:09:08","date_gmt":"2017-12-20T16:09:08","guid":{"rendered":"https:\/\/escola.pinturaresidencialgallegos.com.br\/?page_id=174"},"modified":"2023-03-16T15:21:23","modified_gmt":"2023-03-16T18:21:23","slug":"inicio","status":"publish","type":"page","link":"https:\/\/fkslogistics.com.br\/it\/","title":{"rendered":"Home"},"content":{"rendered":"<section id=\"banner-home\" class=\"full-screen-block\">\n<div class=\"row\">\n<div class=\"col-xs-12 col-sm-12\">\n<div class=\"banner-home-bloco\">\n<h1>Soluzioni logistiche in tutte le modalit\u00e0<\/h1>\n<p>FKS Logistics<\/p>\n<div class=\"banner-home-btn\">\n\t\t\t\t\t<a href=\"tel:01140481180\" class=\"btn-base\"><i class=\"fa fa-phone\"><\/i>Chiamata +55 11 4048-1180<\/a><a href=\"\/it\/servizio\" class=\"btn-base\"><i class=\"fa fa-road\"><\/i>Conoscere i servizi<\/a>\n\t\t\t\t<\/div>\n<\/p><\/div>\n<\/p><\/div>\n<\/p><\/div>\n<\/section>\n<section id=\"inicio\">\n<div class=\"row\">\n<div class=\"col-xs-12 titulo\">\n<h2>FKS Logistics &#8211; Trasporto e Logistica<\/h2>\n<\/p><\/div>\n<\/p><\/div>\n<div class=\"row\">\n<div class=\"col-xs-12 col-sm-3\">\n<div class=\"inicio-servicos-bloco\">\n\t\t\t\t<a href=\"it\/servizio\/trasporto-aereo\"><\/p>\n<div class=\"inicio-servicos-icone\">\n\t\t\t\t\t\t<i class=\"fa fa-plane\"><\/i>\n\t\t\t\t\t<\/div>\n<div class=\"inicio-servicos-texto\">\n<h3>Aereo<\/h3>\n<p>Con copertura nazionale e internazionale, FKS Logistics ha il trasporto aereo nel suo portafoglio di servizi. Questa opzione \u00e8 consigliata al posto di altre modalit\u00e0, strada e mare, quando c&#8217;\u00e8 un carico da spostare con maggiore agilit\u00e0 e meno tempo di transito.<\/p>\n<\/p><\/div>\n<p>\t\t\t\t<\/a>\n\t\t\t<\/div>\n<\/p><\/div>\n<div class=\"col-xs-12 col-sm-3\">\n<div class=\"inicio-servicos-bloco\">\n\t\t\t\t<a href=\"it\/servizio\/trasporto-marittimo\"><\/p>\n<div class=\"inicio-servicos-icone\">\n\t\t\t\t\t\t<i class=\"fa fa-ship\"><\/i>\n\t\t\t\t\t<\/div>\n<div class=\"inicio-servicos-texto\">\n<h3>Marittimo<\/h3>\n<p>Con una copertura a livello mondiale, abbiamo collaborazioni con le principali compagnie di navigazione per consegnare il tuo carico in sicurezza, agilit\u00e0 e affidabilit\u00e0. Questa opzione \u00e8 consigliata per movimenti di merci voluminosi o voluminosi, che presentano prezzi competitivi rispetto ad altri modi.<\/p>\n<\/p><\/div>\n<p>\t\t\t\t<\/a>\n\t\t\t<\/div>\n<\/p><\/div>\n<div class=\"col-xs-12 col-sm-3\">\n<div class=\"inicio-servicos-bloco\">\n\t\t\t\t<a href=\"it\/servizio\/trasporto-stradale\"><\/p>\n<div class=\"inicio-servicos-icone\">\n\t\t\t\t\t\t<i class=\"fa fa-truck flip-truck\"><\/i>\n\t\t\t\t\t<\/div>\n<div class=\"inicio-servicos-texto\">\n<h3>Stradale<\/h3>\n<p>La nostra flotta \u00e8 composta dai veicoli pi\u00f9 diversi, assegnati in base alle necessit\u00e0 del loro carico. Per controllare il volume trasportato, abbiamo un team di monitoraggio specializzato che lavora con la tecnologia di tracciamento 24 ore al giorno.<\/p>\n<\/p><\/div>\n<p>\t\t\t\t<\/a>\n\t\t\t<\/div>\n<\/p><\/div>\n<div class=\"col-xs-12 col-sm-3\">\n<div class=\"inicio-servicos-bloco\">\n\t\t\t\t<a href=\"it\/servizio\/hotline\"><\/p>\n<div class=\"inicio-servicos-icone\">\n\t\t\t\t\t\t<i class=\"fa fa-exclamation-circle\"><\/i>\n\t\t\t\t\t<\/div>\n<div class=\"inicio-servicos-texto\">\n<h3>Hotline<\/h3>\n<p>\u00c8 un servizio estremamente urgente in cui il carico ha una velocit\u00e0 massima di 6 ore ovunque nel Paese, dal ritiro e consegna.<\/p>\n<\/p><\/div>\n<p>\t\t\t\t<\/a>\n\t\t\t<\/div>\n<\/p><\/div>\n<\/p><\/div>\n<\/section>\n<section id=\"historia-home\" class=\"full-screen-block\">\n<div class=\"row\">\n<div class=\"col-xs-12 col-sm-6\">\n<div class=\"titulo\">\n<h2>Chi Siamo<\/h2>\n<\/p><\/div>\n<div class=\"historia-home-texto\">\n<p>Situato nella citt\u00e0 di Diadema, FKS Logistics \u00e8 stata inizialmente fondata con l&#8217;obiettivo di trasportare carichi critici dalla regione ABC di San Paolo alle citt\u00e0 all&#8217;interno dello stato di San Paolo e nel nord del Paran\u00e1.<\/p>\n<p>Concentrandosi sulle esigenze dei nostri clienti e mirando alla crescita dell&#8217;operazione, abbiamo formato uno staff tecnico in grado di sviluppare soluzioni per il trasporto di componenti di grandi dimensioni in altre regioni.<\/p>\n<p>Trasportiamo grandi componenti di grande importanza per il settore elettrico brasiliano, come i materiali destinati alla costruzione della centrale idroelettrica di Belo Monte nel bacino del fiume Xingu, nello stato sud-occidentale del Par\u00e1, e per i parchi eolici situati nella regione nord-orientale.<\/p>\n<p>\t\t\t\t<a href=\"it\/chi-siamo\" class=\"btn-base\">Continua a leggere<\/a>\n\t\t\t<\/div>\n<\/p><\/div>\n<\/p><\/div>\n<\/section>\n<section id=\"frota\">\n<div class=\"row\">\n<div class=\"col-xs-12 titulo\">\n<h2>Mezzi di trasporto<\/h2>\n<\/p><\/div>\n<\/p><\/div>\n<div class=\"row\">\n<div class=\"col-xs-12 col-sm-4 frota\">\n<div class=\"frota-bloco\">\n<div class=\"frota-imagem\">\n\t\t\t\t\t<img loading=\"lazy\" decoding=\"async\" src=\"\/wp-content\/uploads\/2018\/04\/transporte-aereo-02.jpg\" alt=\"Trasporto A\u00e9reo\" width=\"800\" height=\"500\" class=\"alignnone size-full wp-image-289\" \/>\n\t\t\t\t<\/div>\n<div class=\"frota-nome\">\n<h4>Aeroplani<\/h4>\n<\/p><\/div>\n<\/p><\/div>\n<\/p><\/div>\n<div class=\"col-xs-12 col-sm-4 frota\">\n<div class=\"frota-bloco\">\n<div class=\"frota-imagem\">\n\t\t\t\t\t<img loading=\"lazy\" decoding=\"async\" src=\"\/wp-content\/uploads\/2018\/04\/transporte-maritimo-02.jpg\" alt=\"Trasporto Marittimo\"  width=\"800\" height=\"500\" class=\"alignnone ssize-full wp-image-290\" \/>\n\t\t\t\t<\/div>\n<div class=\"frota-nome\">\n<h4>Navi<\/h4>\n<\/p><\/div>\n<\/p><\/div>\n<\/p><\/div>\n<div class=\"col-xs-12 col-sm-4 frota\">\n<div class=\"frota-bloco\">\n<div class=\"frota-imagem\">\n\t\t\t\t\t<img loading=\"lazy\" decoding=\"async\" src=\"\/wp-content\/uploads\/2018\/04\/transporte-rodoviario-02.jpg\" alt=\"Trasporto Stradale\" width=\"800\" height=\"500\" class=\"alignnone size-full wp-image-291\" \/>\n\t\t\t\t<\/div>\n<div class=\"frota-nome\">\n<h4>Camion<\/h4>\n<\/p><\/div>\n<\/p><\/div>\n<\/p><\/div>\n<\/p><\/div>\n<div class=\"row\">\n<div class=\"col-xs-12 frota\">\n<h3>FKS Logistics lavora con i migliori mezzi di trasporto per soddisfare le vostre esigenze dove e quando \u00e8 necessario, puntando sulla velocit\u00e0, la qualit\u00e0 e la sicurezza nelle vostre collezioni e consegne.<\/h3>\n<\/p><\/div>\n<\/p><\/div>\n<\/section>\n<section id=\"cta\" class=\"full-screen-block\">\n<div class=\"cta-bloco\">\n<aside class=\"cta-icone\">\n\t\t\t<i class=\"fa fa-globe\"><\/i><br \/>\n\t\t<\/aside>\n<aside class=\"cta-texto\">\n<h2>Servizio in tutto il Brasile con copertura mondiale!<\/h2>\n<p> Velocit\u00e0 ed eccellenza nella raccolta e consegna nazionale e internazionale<\/p>\n<\/aside><\/div>\n<\/section>\n<section id=\"atuacao\">\n<div class=\"row\">\n<div class=\"col-xs-12 titulo\">\n<h2>Aree di Pratica<\/h2>\n<\/p><\/div>\n<\/p><\/div>\n<div class=\"row\">\n<div class=\"col-xs-12 col-sm-6 col-md-7\">\n<div class=\"atuacao-bloco\">\n<h3>Territorio Nazionale<\/h3>\n<div class=\"row atuacao-lista\">\n<div class=\"col-xs-6 col-sm-6 col-md-4\">\n<h4 class=\"laranja\">Matrice<\/h4>\n<p>\u2022 Diadema &#8211; SP<\/p>\n<p>&nbsp;<\/p>\n<h4 class=\"azul\">Rami<\/h4>\n<p>\u2022 Recife &#8211; PE<\/p>\n<p>\u2022 Betim &#8211; MG<\/p>\n<p>\u2022 Curitiba- PR<\/p>\n<p>\u2022 Jaboat\u00e3o &#8211; PE<\/p>\n<p>\u2022 Guarulhos &#8211; SP<\/p>\n<\/p><\/div>\n<div class=\"col-xs-6 col-sm-6 col-md-4\">\n<h4 class=\"verde\">Magazzini<\/h4>\n<p>\u2022 Pomerode &#8211; SC<\/p>\n<p>\u2022 Salvador &#8211; BA<\/p>\n<p>\u2022 Curitiba &#8211; PR<\/p>\n<p>\u2022 Aracaju &#8211; SE<\/p>\n<p>\u2022 Porto Alegre &#8211; RS<\/p>\n<p>\u2022 Manaus &#8211; AM<\/p>\n<\/p><\/div>\n<div class=\"col-xs-6 col-sm-6 col-md-4\">\n<p>\u2022 Porto Velho &#8211; RO<\/p>\n<p>\u2022 Rio de Janeiro \u2013 RJ<\/p>\n<p>\u2022 Vila Velha \u2013 ES<\/p>\n<p>\u2022 Jo\u00e3o Pessoa \u2013 PB<\/p>\n<p>\u2022 Macei\u00f3 \u2013 AL<\/p>\n<p>\u2022 S\u00e3o Lu\u00eds \u2013 MA<\/p>\n<p>\u2022 Mossor\u00f3 \u2013 RN<\/p>\n<\/p><\/div>\n<\/p><\/div>\n<\/p><\/div>\n<\/p><\/div>\n<div class=\"col-xs-12 col-sm-6 col-md-5\">\n<div class=\"atuacao-bloco\">\n<div class=\"atuacao-mapa mapa-br\"><\/div>\n<\/p><\/div>\n<\/p><\/div>\n<\/p><\/div>\n<div class=\"row\">\n<div class=\"col-xs-12 col-sm-6 col-md-7\">\n<div class=\"atuacao-bloco\">\n<h3>Territorio Internazionale<\/h3>\n<div class=\"row atuacao-lista\">\n<div class=\"col-xs-6 col-sm-6 col-md-4\">\n<h4 class=\"laranja\">Germania<\/h4>\n<p>\u2022 Monaco<\/p>\n<p>\u2022 Frankfurt<\/p>\n<p>\u2022 Hamburg<\/p>\n<p>&nbsp;<\/p>\n<h4 class=\"laranja\">Italia<\/h4>\n<p>\u2022 Milano<\/p>\n<p>\u2022 Genova<\/p>\n<\/p><\/div>\n<div class=\"col-xs-6 col-sm-6 col-md-4\">\n<h4 class=\"laranja\">Stati Uniti<\/h4>\n<p>\u2022 Los Angeles<\/p>\n<p>\u2022 New York<\/p>\n<p>\u2022 Miami<\/p>\n<p>&nbsp;<\/p>\n<h4 class=\"laranja\">Messico<\/h4>\n<p>\u2022 Veracruz<\/p>\n<p>\u2022 Citt\u00e0 del Messico<\/p>\n<\/p><\/div>\n<div class=\"col-xs-6 col-sm-6 col-md-4\">\n<h4 class=\"laranja\">Cina<\/h4>\n<p>\u2022 Xiamen<\/p>\n<p>\u2022 Hong Kong<\/p>\n<p>\u2022 Shanghai<\/p>\n<p>\u2022 Ningbo<\/p>\n<p>&nbsp;<\/p>\n<h4 class=\"laranja\">Belgio<\/h4>\n<p>\u2022 Antwerpia<\/p>\n<\/p><\/div>\n<\/p><\/div>\n<\/p><\/div>\n<\/p><\/div>\n<div class=\"col-xs-12 col-sm-6 col-md-5\">\n<div class=\"atuacao-bloco\">\n<div class=\"atuacao-mapa mapa-it\"><\/div>\n<\/p><\/div>\n<\/p><\/div>\n<\/p><\/div>\n<\/section>\n<section id=\"certificados\" class=\"full-screen-block\">\n<div class=\"row\">\n<div class=\"col-xs-12 titulo\">\n<h2>Certificazione<\/h2>\n<\/p><\/div>\n<\/p><\/div>\n<div class=\"certificado-grupo\">\n<div class=\"certificado-imagem\">\n\t\t\t<a href=\"https:\/\/www.dunsguide.com.br\/C41963e534cb23f1f0df802f6e54500ee_transporte\/fks_logistics_ltda\/\" target=\"_blank\" rel=\"noopener noreferrer\"><img decoding=\"async\" src=\"wp-content\/themes\/wp-diplomia\/certificado-qr-code.jpg\" alt=\"Certificado\"><\/a>\n\t\t<\/div>\n<div class=\"certificado-bloco\">\n\t\t\t<a href=\"https:\/\/www.dunsguide.com.br\/C41963e534cb23f1f0df802f6e54500ee_transporte\/fks_logistics_ltda\/\" target=\"_blank\" rel=\"noopener noreferrer\"><\/p>\n<h3><img decoding=\"async\" src=\"wp-content\/themes\/wp-diplomia\/dun-logo-icone.png\" alt=\"Certificado\"> A Dun &#038; Bradstreet D-U-N-S\u00ae Registered\u2122 Business<\/h3>\n<p>Fare clic qui per accedere online al <span>profilo registrato D-U-N-S\u00ae<\/span> di FKS Logistics LTDA<\/p>\n<p>\t\t\t<\/a>\n\t\t<\/div>\n<\/p><\/div>\n<div class=\"certificado-grupo\">\n<div class=\"certificado-imagem\">\n\t\t\t<a href=\"wp-content\/themes\/wp-diplomia\/nbr-iso-9001.pdf\" target=\"_blank\" rel=\"noopener noreferrer\"><img decoding=\"async\" src=\"wp-content\/themes\/wp-diplomia\/certificado-qr-code-2.jpg\" alt=\"Certificado\"><\/a>\n\t\t<\/div>\n<div class=\"certificado-bloco\">\n\t\t\t<a href=\"wp-content\/themes\/wp-diplomia\/nbr-iso-9001.pdf\" target=\"_blank\" rel=\"noopener noreferrer\"><\/p>\n<h3>NBR ISO 9001:2015<\/h3>\n<p>TUV.09.1219845.3993.19 <\/p>\n<p>\t\t\t<\/a>\n\t\t<\/div>\n<\/p><\/div>\n<\/section>\n<section id=\"contato-paginas\" class=\"full-screen-block\">\n<div class=\"row\">\n<div class=\"col-xs-12 col-sm-6\">\n<div class=\"contato-paginas\">\n<div class=\"contato-paginas-lateral\">\n<div class=\"titulo\">\n<h2>Fai un preventivo<\/h2>\n<\/p><\/div>\n<div class=\"contato-texto\">\n<p>Per richiedere un preventivo, ricevere maggiori informazioni o se avete domande o suggerimenti, si prega di parlare con il nostro team. Compila il modulo e ti contatteremo a breve.<\/p>\n<\/p><\/div>\n<\/p><\/div>\n<\/p><\/div>\n<\/p><\/div>\n<div class=\"col-xs-12 col-sm-6\">\n<div class=\"contato-paginas\">\n<div class=\"contato-formulario\">\n\t\t\t\t\t\n<div class=\"wpcf7 no-js\" id=\"wpcf7-f367-o1\" lang=\"pt-BR\" dir=\"ltr\" data-wpcf7-id=\"367\">\n<div class=\"screen-reader-response\"><p role=\"status\" aria-live=\"polite\" aria-atomic=\"true\"><\/p> <ul><\/ul><\/div>\n<form action=\"\/it\/wp-json\/wp\/v2\/pages\/174#wpcf7-f367-o1\" method=\"post\" class=\"wpcf7-form init\" aria-label=\"Formul\u00e1rios de contato\" novalidate=\"novalidate\" data-status=\"init\">\n<div style=\"display: none;\">\n<input type=\"hidden\" name=\"_wpcf7\" value=\"367\" \/>\n<input type=\"hidden\" name=\"_wpcf7_version\" value=\"6.0.6\" \/>\n<input type=\"hidden\" name=\"_wpcf7_locale\" value=\"pt_BR\" \/>\n<input type=\"hidden\" name=\"_wpcf7_unit_tag\" value=\"wpcf7-f367-o1\" \/>\n<input type=\"hidden\" name=\"_wpcf7_container_post\" value=\"0\" \/>\n<input type=\"hidden\" name=\"_wpcf7_posted_data_hash\" value=\"\" \/>\n<\/div>\n<p><label><span class=\"wpcf7-form-control-wrap\" data-name=\"your-name\"><input size=\"40\" maxlength=\"400\" class=\"wpcf7-form-control wpcf7-text wpcf7-validates-as-required\" aria-required=\"true\" aria-invalid=\"false\" placeholder=\"Nome\" value=\"\" type=\"text\" name=\"your-name\" \/><\/span><\/label>\n<\/p>\n<p><label><span class=\"wpcf7-form-control-wrap\" data-name=\"your-email\"><input size=\"40\" maxlength=\"400\" class=\"wpcf7-form-control wpcf7-email wpcf7-validates-as-required wpcf7-text wpcf7-validates-as-email\" aria-required=\"true\" aria-invalid=\"false\" placeholder=\"Email\" value=\"\" type=\"email\" name=\"your-email\" \/><\/span><\/label>\n<\/p>\n<p><label><span class=\"wpcf7-form-control-wrap\" data-name=\"your-tel\"><input size=\"40\" maxlength=\"400\" class=\"wpcf7-form-control wpcf7-tel wpcf7-validates-as-required wpcf7-text wpcf7-validates-as-tel\" aria-required=\"true\" aria-invalid=\"false\" placeholder=\"Telefono\" value=\"\" type=\"tel\" name=\"your-tel\" \/><\/span><\/label>\n<\/p>\n<p><label><span class=\"wpcf7-form-control-wrap\" data-name=\"your-place\"><input size=\"40\" maxlength=\"400\" class=\"wpcf7-form-control wpcf7-text wpcf7-validates-as-required\" aria-required=\"true\" aria-invalid=\"false\" placeholder=\"Locale\" value=\"\" type=\"text\" name=\"your-place\" \/><\/span><\/label>\n<\/p>\n<p><label><span class=\"wpcf7-form-control-wrap\" data-name=\"your-service\"><select class=\"wpcf7-form-control wpcf7-select wpcf7-validates-as-required\" aria-required=\"true\" aria-invalid=\"false\" name=\"your-service\"><option value=\"Quale servizio?\">Quale servizio?<\/option><option value=\"Trasporto Aereo\">Trasporto Aereo<\/option><option value=\"Trasporto Marittimo\">Trasporto Marittimo<\/option><option value=\"Trasporto Stradale\">Trasporto Stradale<\/option><option value=\"Hand Cargo\">Hand Cargo<\/option><option value=\"Hotline\">Hotline<\/option><\/select><\/span><\/label>\n<\/p>\n<p><label><span class=\"wpcf7-form-control-wrap\" data-name=\"your-message\"><textarea cols=\"40\" rows=\"10\" maxlength=\"2000\" class=\"wpcf7-form-control wpcf7-textarea wpcf7-validates-as-required\" aria-required=\"true\" aria-invalid=\"false\" placeholder=\"Messaggio\" name=\"your-message\"><\/textarea><\/span><\/label>\n<\/p>\n<p><input class=\"wpcf7-form-control wpcf7-submit has-spinner\" type=\"submit\" value=\"Inviare\" \/>\n<\/p><div class=\"wpcf7-response-output\" aria-hidden=\"true\"><\/div>\n<\/form>\n<\/div>\n\n\t\t\t\t<\/div>\n<\/p><\/div>\n<\/p><\/div>\n<\/p><\/div>\n<\/section>\n","protected":false},"excerpt":{"rendered":"<p>Soluzioni logistiche in tutte le modalit\u00e0 FKS Logistics Chiamata +55 11 4048-1180Conoscere i servizi FKS Logistics &#8211; Trasporto e Logistica Aereo Con copertura nazionale e internazionale, FKS Logistics ha il trasporto aereo nel suo portafoglio di servizi. Questa opzione \u00e8 consigliata al posto di altre modalit\u00e0, strada e mare, quando c&#8217;\u00e8 un carico da spostare [&hellip;]<\/p>\n","protected":false},"author":2,"featured_media":0,"parent":0,"menu_order":1,"comment_status":"closed","ping_status":"closed","template":"","meta":{"footnotes":""},"class_list":["post-174","page","type-page","status-publish","hentry"],"yoast_head":"<!-- This site is optimized with the Yoast SEO plugin v24.2 - https:\/\/yoast.com\/wordpress\/plugins\/seo\/ -->\n<title>Home - FKS Logistics | Trasporto<\/title>\n<meta name=\"robots\" content=\"index, follow, max-snippet:-1, max-image-preview:large, max-video-preview:-1\" \/>\n<link rel=\"canonical\" href=\"https:\/\/fkslogistics.com.br\/it\/\" \/>\n<meta property=\"og:locale\" content=\"pt_BR\" \/>\n<meta property=\"og:type\" content=\"article\" \/>\n<meta property=\"og:title\" content=\"Home - FKS Logistics | Trasporto\" \/>\n<meta property=\"og:description\" content=\"Soluzioni logistiche in tutte le modalit\u00e0 FKS Logistics Chiamata +55 11 4048-1180Conoscere i servizi FKS Logistics &#8211; Trasporto e Logistica Aereo Con copertura nazionale e internazionale, FKS Logistics ha il trasporto aereo nel suo portafoglio di servizi. Questa opzione \u00e8 consigliata al posto di altre modalit\u00e0, strada e mare, quando c&#8217;\u00e8 un carico da spostare [&hellip;]\" \/>\n<meta property=\"og:url\" content=\"https:\/\/fkslogistics.com.br\/it\/\" \/>\n<meta property=\"og:site_name\" content=\"FKS Logistics | Trasporto\" \/>\n<meta property=\"article:modified_time\" content=\"2023-03-16T18:21:23+00:00\" \/>\n<meta name=\"twitter:card\" content=\"summary_large_image\" \/>\n<meta name=\"twitter:label1\" content=\"Est. tempo de leitura\" \/>\n\t<meta name=\"twitter:data1\" content=\"2 minutos\" \/>\n<script type=\"application\/ld+json\" class=\"yoast-schema-graph\">{\"@context\":\"https:\/\/schema.org\",\"@graph\":[{\"@type\":\"WebPage\",\"@id\":\"https:\/\/fkslogistics.com.br\/it\/\",\"url\":\"https:\/\/fkslogistics.com.br\/it\/\",\"name\":\"Home - FKS Logistics | Trasporto\",\"isPartOf\":{\"@id\":\"https:\/\/fkslogistics.com.br\/it\/#website\"},\"datePublished\":\"2017-12-20T16:09:08+00:00\",\"dateModified\":\"2023-03-16T18:21:23+00:00\",\"breadcrumb\":{\"@id\":\"https:\/\/fkslogistics.com.br\/it\/#breadcrumb\"},\"inLanguage\":\"pt-BR\",\"potentialAction\":[{\"@type\":\"ReadAction\",\"target\":[\"https:\/\/fkslogistics.com.br\/it\/\"]}]},{\"@type\":\"BreadcrumbList\",\"@id\":\"https:\/\/fkslogistics.com.br\/it\/#breadcrumb\",\"itemListElement\":[{\"@type\":\"ListItem\",\"position\":1,\"name\":\"In\u00edcio\",\"item\":\"https:\/\/fkslogistics.com.br\/it\/\"},{\"@type\":\"ListItem\",\"position\":2,\"name\":\"Home\"}]},{\"@type\":\"WebSite\",\"@id\":\"https:\/\/fkslogistics.com.br\/it\/#website\",\"url\":\"https:\/\/fkslogistics.com.br\/it\/\",\"name\":\"FKS Logistics | Trasporto\",\"description\":\"-\",\"potentialAction\":[{\"@type\":\"SearchAction\",\"target\":{\"@type\":\"EntryPoint\",\"urlTemplate\":\"https:\/\/fkslogistics.com.br\/it\/?s={search_term_string}\"},\"query-input\":{\"@type\":\"PropertyValueSpecification\",\"valueRequired\":true,\"valueName\":\"search_term_string\"}}],\"inLanguage\":\"pt-BR\"}]}<\/script>\n<!-- \/ Yoast SEO plugin. -->","yoast_head_json":{"title":"Home - FKS Logistics | Trasporto","robots":{"index":"index","follow":"follow","max-snippet":"max-snippet:-1","max-image-preview":"max-image-preview:large","max-video-preview":"max-video-preview:-1"},"canonical":"https:\/\/fkslogistics.com.br\/it\/","og_locale":"pt_BR","og_type":"article","og_title":"Home - FKS Logistics | Trasporto","og_description":"Soluzioni logistiche in tutte le modalit\u00e0 FKS Logistics Chiamata +55 11 4048-1180Conoscere i servizi FKS Logistics &#8211; Trasporto e Logistica Aereo Con copertura nazionale e internazionale, FKS Logistics ha il trasporto aereo nel suo portafoglio di servizi. Questa opzione \u00e8 consigliata al posto di altre modalit\u00e0, strada e mare, quando c&#8217;\u00e8 un carico da spostare [&hellip;]","og_url":"https:\/\/fkslogistics.com.br\/it\/","og_site_name":"FKS Logistics | Trasporto","article_modified_time":"2023-03-16T18:21:23+00:00","twitter_card":"summary_large_image","twitter_misc":{"Est. tempo de leitura":"2 minutos"},"schema":{"@context":"https:\/\/schema.org","@graph":[{"@type":"WebPage","@id":"https:\/\/fkslogistics.com.br\/it\/","url":"https:\/\/fkslogistics.com.br\/it\/","name":"Home - FKS Logistics | Trasporto","isPartOf":{"@id":"https:\/\/fkslogistics.com.br\/it\/#website"},"datePublished":"2017-12-20T16:09:08+00:00","dateModified":"2023-03-16T18:21:23+00:00","breadcrumb":{"@id":"https:\/\/fkslogistics.com.br\/it\/#breadcrumb"},"inLanguage":"pt-BR","potentialAction":[{"@type":"ReadAction","target":["https:\/\/fkslogistics.com.br\/it\/"]}]},{"@type":"BreadcrumbList","@id":"https:\/\/fkslogistics.com.br\/it\/#breadcrumb","itemListElement":[{"@type":"ListItem","position":1,"name":"In\u00edcio","item":"https:\/\/fkslogistics.com.br\/it\/"},{"@type":"ListItem","position":2,"name":"Home"}]},{"@type":"WebSite","@id":"https:\/\/fkslogistics.com.br\/it\/#website","url":"https:\/\/fkslogistics.com.br\/it\/","name":"FKS Logistics | Trasporto","description":"-","potentialAction":[{"@type":"SearchAction","target":{"@type":"EntryPoint","urlTemplate":"https:\/\/fkslogistics.com.br\/it\/?s={search_term_string}"},"query-input":{"@type":"PropertyValueSpecification","valueRequired":true,"valueName":"search_term_string"}}],"inLanguage":"pt-BR"}]}},"_links":{"self":[{"href":"https:\/\/fkslogistics.com.br\/it\/wp-json\/wp\/v2\/pages\/174","targetHints":{"allow":["GET"]}}],"collection":[{"href":"https:\/\/fkslogistics.com.br\/it\/wp-json\/wp\/v2\/pages"}],"about":[{"href":"https:\/\/fkslogistics.com.br\/it\/wp-json\/wp\/v2\/types\/page"}],"author":[{"embeddable":true,"href":"https:\/\/fkslogistics.com.br\/it\/wp-json\/wp\/v2\/users\/2"}],"replies":[{"embeddable":true,"href":"https:\/\/fkslogistics.com.br\/it\/wp-json\/wp\/v2\/comments?post=174"}],"version-history":[{"count":28,"href":"https:\/\/fkslogistics.com.br\/it\/wp-json\/wp\/v2\/pages\/174\/revisions"}],"predecessor-version":[{"id":496,"href":"https:\/\/fkslogistics.com.br\/it\/wp-json\/wp\/v2\/pages\/174\/revisions\/496"}],"wp:attachment":[{"href":"https:\/\/fkslogistics.com.br\/it\/wp-json\/wp\/v2\/media?parent=174"}],"curies":[{"name":"wp","href":"https:\/\/api.w.org\/{rel}","templated":true}]}}