{"id":184,"date":"2018-04-10T15:17:45","date_gmt":"2018-04-10T18:17:45","guid":{"rendered":"https:\/\/escola.pinturaresidencialgallegos.com.br\/?page_id=184"},"modified":"2023-01-24T11:50:06","modified_gmt":"2023-01-24T14:50:06","slug":"about-us","status":"publish","type":"page","link":"https:\/\/fkslogistics.com.br\/en\/about-us\/","title":{"rendered":"About Us"},"content":{"rendered":"<section id=\"historia\">\n<div class=\"row\">\n<div class=\"col-xs-12 titulo\">\n<h2>About Us<\/h2>\n<\/div>\n<\/div>\n<div class=\"row\">\n<div class=\"col-xs-12 historia\">\n<p>Located in the city of Diadema, FKS Logistics was initially founded with the aim of transporting critical loads from the ABC region of S\u00e3o Paulo to cities within the state of S\u00e3o Paulo and northern Paran\u00e1.<\/p>\n<p>Focusing on the needs of our customers and aiming the growth of the operation, forming a body capable of developing solutions for the transportation of large components to other regions.<\/p>\n<p>Transportation of large components of great importance to the electric sector, to the soil, to the construction of the Belo Monte Hydroelectric Plant in the Xingu River Basin, in the southwestern state of Par\u00e1 and to the Parks.<\/p>\n<p>Logistic partnerships arise in the northeast region, partnerships have emerged with large companies, manufacturers of auto parts, which supply car manufacturers. With cargo handling of its production chains, the warehousing process, cargo consolidation, Milk Run, just in time, cross-docking also became part of our scope of work.<\/p>\n<p>In responding to the automotive market, demands have arisen for priority shipments, involving loads with critical materials, which need to be transported by air transportation throughout the national territory. We always develop our activities before meeting the deadlines and a reduction of costs for our clients.<\/p>\n<p>Based on our clients and with all the know-how accumulated in our trajectory, we decided to form partnerships and routes in a global scope. Beginning in North America, Central America, Europe and Asia, with international business, maritime and air trade.<\/p>\n<p>To this end, FKS Logistics has developed and adapted its needs to customers, currently offering logistic solutions and a personalized service as the main differential.<\/p>\n<p>We are at your disposal to provide a complete transportation service and logistics, meeting all your expectations and delivering the best result. Please contact us and thank you for relying on our work.<\/p>\n<\/div>\n<\/div>\n<div class=\"row\">\n<div class=\"col-xs-12 col-sm-4 missao\">\n<h4>Mission<\/h4>\n<p>Provide cargo movements in the national and international territory with seriousness and agility, ensuring punctual delivery and exceeding our customers&#8217; expectations.<\/p>\n<\/div>\n<div class=\"col-xs-12 col-sm-4 missao\">\n<h4>Vision<\/h4>\n<p>To be the reference company in multimodal transport in an agile, reliable, sustainable and globalized environment.<\/p>\n<\/div>\n<div class=\"col-xs-12 col-sm-4 missao\">\n<h4>Values<\/h4>\n<p>Respect &#8211; Integrity &#8211; Commitment &#8211; Excellence &#8211; Innovation &#8211; Outcome<\/p>\n<\/div>\n<\/div>\n<\/section>\n<section id=\"politica\" class=\"full-screen-block\">\n<div class=\"row\">\n<div class=\"col-xs-12 col-md-6 politica\">\n<h2>Quality Politics<\/h2>\n<p>FKS LOGISTICS has as its main focus to promote the satisfaction of customers and others stakeholders, committing to the fulfillment of applicable requirements for the provision of logistics services and sustainable growth of the company.<\/p>\n<p>Offering the best cargo transportation solutions in different modes with our team of employees involved in the constant search for continuous improvement.<\/p>\n<\/div>\n<div class=\"col-xs-12 col-md-6 politica\"><img decoding=\"async\" src=\"\/en\/wp-content\/uploads\/2019\/11\/politica-de-qualidade-en.jpg\" alt=\"Quality Politics\" \/><\/div>\n<\/div>\n<\/section>\n<section id=\"cta\" class=\"full-screen-block\">\n<div class=\"cta-bloco\">\n<aside class=\"cta-icone\"><i class=\"fa fa-globe\"><\/i><\/aside>\n<aside class=\"cta-texto\">\n<h2>Service throughout Brazil with worldwide coverage!<\/h2>\n<p>Speed and excellence in national and international collection and delivery<\/p>\n<section id=\"politica\" class=\"full-screen-block\">\n<div class=\"row\">\n<div class=\"col-xs-12 titulo\">\n<h2>Ethics and conduct policy<\/h2>\n<\/div>\n<\/div>\n<div class=\"row\">\n<div class=\"col-xs-12 col-md-12 politica text-justify\">\n<p style=\"color: #333;\">FKS Logistics\u2019 mission is to provide cargo handling in the national and international territory with seriousness and agility, ensuring punctual deliveries and exceeding our customers\u2019 expectations.<\/p>\n<p style=\"color: #333;\">We rely on ethical values \u200b\u200bsuch as respect, integrity, commitment, excellence, innovation and results, together with the commitment to fulfill our purpose, \u201cTo be a reference in multimodal transport in an agile, reliable, sustainable and globalized environment\u201d.<\/p>\n<p style=\"color: #333;\">This Policy establishes guidelines to ensure that interested parties to the organization understand and comply with applicable anti-corruption and bribery prevention laws in all interactions with current and future customers (in the public or private sphere), such as public agents, suppliers, donors or sponsors, in any location where FKS Logistics operates.<\/p>\n<p style=\"color: #333;\">Our decisions and actions have effects on all those who maintain relations with us, in this way, the policy defines directions and qualifies the desired and most appropriate practices that guarantee our commitment to ethics and transparency in business, respect for human rights, diversity and the environment.<\/p>\n<p><img loading=\"lazy\" decoding=\"async\" class=\"alignnone wp-image-503\" src=\"https:\/\/fkslogistics.com.br\/en\/wp-content\/uploads\/2023\/01\/reporting-channel-in-300x59.png\" alt=\"\" width=\"910\" height=\"179\" srcset=\"https:\/\/fkslogistics.com.br\/en\/wp-content\/uploads\/2023\/01\/reporting-channel-in-300x59.png 300w, https:\/\/fkslogistics.com.br\/en\/wp-content\/uploads\/2023\/01\/reporting-channel-in-768x150.png 768w, https:\/\/fkslogistics.com.br\/en\/wp-content\/uploads\/2023\/01\/reporting-channel-in-1024x201.png 1024w, https:\/\/fkslogistics.com.br\/en\/wp-content\/uploads\/2023\/01\/reporting-channel-in-624x122.png 624w, https:\/\/fkslogistics.com.br\/en\/wp-content\/uploads\/2023\/01\/reporting-channel-in.png 1200w\" sizes=\"auto, (max-width: 910px) 100vw, 910px\" \/><\/p>\n<p style=\"color: #333;\">We seek suppliers and business partners who are transparent and with the same sense of administrative responsibility regardless of the national and international activities performed.<\/p>\n<p style=\"color: #333;\">FKS Logistics has a set of guidelines that are premises for the behavior of its employees, and so that we can walk together with the same vision, guaranteeing national and international relations such as:<\/p>\n<p style=\"color: #333;\">\u2022 Respect all human, workers and environmental rights;<\/p>\n<p style=\"color: #333;\">\u2022 Reject any form of corruption, whether public or private;<\/p>\n<p style=\"color: #333;\">\u2022 Reject any unfair agreement or practice, ensuring free competition;<\/p>\n<p style=\"color: #333;\">\u2022 Reject situations where your private interests or those of your employees may be in conflict with the interests of FKS Logistics, or situations that may impair the independent judgment of our employees or be harmful to the company&#8217;s image or reputation;<\/p>\n<p style=\"color: #333;\">\u2022 Respect unconditionally the laws and internal and contractual rules of secrecy and treatment of confidential and\/or sensitive data or information.<\/p>\n<p style=\"color: #333;\">\u2022 Refuse to receive gifts that are outside the guidelines defined in our internal &#8220;Code of Conduct&#8221; of ethical conduct.<\/p>\n<\/div>\n<\/div>\n<\/section>\n<\/aside>\n<\/div>\n<\/section>\n<section id=\"veja-mais\">\n<div class=\"row\">\n<div class=\"col-xs-12 titulo\">\n<h2>Also Visit<\/h2>\n<\/div>\n<\/div>\n<div class=\"row\">\n<div class=\"col-xs-12 col-sm-4 veja\">\n<div class=\"veja-bloco\">\n<div class=\"veja-imagem\"><img loading=\"lazy\" decoding=\"async\" class=\"alignnone size-full wp-image-366\" src=\"\/wp-content\/uploads\/2018\/04\/transporte-rodoviario-03.jpg\" alt=\"Road Freight\" width=\"800\" height=\"500\" \/><\/div>\n<div class=\"veja-nome\">\n<h4>Differential<\/h4>\n<\/div>\n<p>&nbsp;<\/p>\n<\/div>\n<\/div>\n<div class=\"col-xs-12 col-sm-4 veja\">\n<div class=\"veja-bloco\">\n<div class=\"veja-imagem\"><img loading=\"lazy\" decoding=\"async\" class=\"alignnone size-full wp-image-317\" src=\"\/wp-content\/uploads\/2018\/04\/transportes-02.jpg\" alt=\"Services\" width=\"800\" height=\"500\" \/><\/div>\n<div class=\"veja-nome\">\n<h4>Services<\/h4>\n<\/div>\n<p>&nbsp;<\/p>\n<\/div>\n<\/div>\n<div class=\"col-xs-12 col-sm-4 veja\">\n<div class=\"veja-bloco\">\n<div class=\"veja-imagem\"><img loading=\"lazy\" decoding=\"async\" class=\"alignnone size-full wp-image-315\" src=\"\/wp-content\/uploads\/2018\/04\/contato-01.jpg\" alt=\"Contact\" width=\"800\" height=\"500\" \/><\/div>\n<div class=\"veja-nome\">\n<h4>Contact<\/h4>\n<\/div>\n<p>&nbsp;<\/p>\n<\/div>\n<\/div>\n<\/div>\n<\/section>\n","protected":false},"excerpt":{"rendered":"<p>About Us Located in the city of Diadema, FKS Logistics was initially founded with the aim of transporting critical loads from the ABC region of S\u00e3o Paulo to cities within the state of S\u00e3o Paulo and northern Paran\u00e1. Focusing on the needs of our customers and aiming the growth of the operation, forming a body [&hellip;]<\/p>\n","protected":false},"author":2,"featured_media":0,"parent":0,"menu_order":2,"comment_status":"closed","ping_status":"closed","template":"","meta":{"footnotes":""},"class_list":["post-184","page","type-page","status-publish","hentry"],"yoast_head":"<!-- This site is optimized with the Yoast SEO plugin v24.2 - https:\/\/yoast.com\/wordpress\/plugins\/seo\/ -->\n<title>About Us - FKS Logistics | Transportation<\/title>\n<meta name=\"robots\" content=\"index, follow, max-snippet:-1, max-image-preview:large, max-video-preview:-1\" \/>\n<link rel=\"canonical\" href=\"https:\/\/fkslogistics.com.br\/en\/about-us\/\" \/>\n<meta property=\"og:locale\" content=\"pt_BR\" \/>\n<meta property=\"og:type\" content=\"article\" \/>\n<meta property=\"og:title\" content=\"About Us - FKS Logistics | Transportation\" \/>\n<meta property=\"og:description\" content=\"About Us Located in the city of Diadema, FKS Logistics was initially founded with the aim of transporting critical loads from the ABC region of S\u00e3o Paulo to cities within the state of S\u00e3o Paulo and northern Paran\u00e1. Focusing on the needs of our customers and aiming the growth of the operation, forming a body [&hellip;]\" \/>\n<meta property=\"og:url\" content=\"https:\/\/fkslogistics.com.br\/en\/about-us\/\" \/>\n<meta property=\"og:site_name\" content=\"FKS Logistics | Transportation\" \/>\n<meta property=\"article:modified_time\" content=\"2023-01-24T14:50:06+00:00\" \/>\n<meta property=\"og:image\" content=\"https:\/\/fkslogistics.com.br\/en\/wp-content\/uploads\/2023\/01\/reporting-channel-in-300x59.png\" \/>\n<meta name=\"twitter:card\" content=\"summary_large_image\" \/>\n<meta name=\"twitter:label1\" content=\"Est. tempo de leitura\" \/>\n\t<meta name=\"twitter:data1\" content=\"4 minutos\" \/>\n<script type=\"application\/ld+json\" class=\"yoast-schema-graph\">{\"@context\":\"https:\/\/schema.org\",\"@graph\":[{\"@type\":\"WebPage\",\"@id\":\"https:\/\/fkslogistics.com.br\/en\/about-us\/\",\"url\":\"https:\/\/fkslogistics.com.br\/en\/about-us\/\",\"name\":\"About Us - FKS Logistics | Transportation\",\"isPartOf\":{\"@id\":\"https:\/\/fkslogistics.com.br\/en\/#website\"},\"primaryImageOfPage\":{\"@id\":\"https:\/\/fkslogistics.com.br\/en\/about-us\/#primaryimage\"},\"image\":{\"@id\":\"https:\/\/fkslogistics.com.br\/en\/about-us\/#primaryimage\"},\"thumbnailUrl\":\"https:\/\/fkslogistics.com.br\/en\/wp-content\/uploads\/2023\/01\/reporting-channel-in-300x59.png\",\"datePublished\":\"2018-04-10T18:17:45+00:00\",\"dateModified\":\"2023-01-24T14:50:06+00:00\",\"breadcrumb\":{\"@id\":\"https:\/\/fkslogistics.com.br\/en\/about-us\/#breadcrumb\"},\"inLanguage\":\"pt-BR\",\"potentialAction\":[{\"@type\":\"ReadAction\",\"target\":[\"https:\/\/fkslogistics.com.br\/en\/about-us\/\"]}]},{\"@type\":\"ImageObject\",\"inLanguage\":\"pt-BR\",\"@id\":\"https:\/\/fkslogistics.com.br\/en\/about-us\/#primaryimage\",\"url\":\"https:\/\/fkslogistics.com.br\/en\/wp-content\/uploads\/2023\/01\/reporting-channel-in.png\",\"contentUrl\":\"https:\/\/fkslogistics.com.br\/en\/wp-content\/uploads\/2023\/01\/reporting-channel-in.png\",\"width\":1200,\"height\":235},{\"@type\":\"BreadcrumbList\",\"@id\":\"https:\/\/fkslogistics.com.br\/en\/about-us\/#breadcrumb\",\"itemListElement\":[{\"@type\":\"ListItem\",\"position\":1,\"name\":\"In\u00edcio\",\"item\":\"https:\/\/fkslogistics.com.br\/en\/\"},{\"@type\":\"ListItem\",\"position\":2,\"name\":\"About Us\"}]},{\"@type\":\"WebSite\",\"@id\":\"https:\/\/fkslogistics.com.br\/en\/#website\",\"url\":\"https:\/\/fkslogistics.com.br\/en\/\",\"name\":\"FKS Logistics | Transportation\",\"description\":\"-\",\"potentialAction\":[{\"@type\":\"SearchAction\",\"target\":{\"@type\":\"EntryPoint\",\"urlTemplate\":\"https:\/\/fkslogistics.com.br\/en\/?s={search_term_string}\"},\"query-input\":{\"@type\":\"PropertyValueSpecification\",\"valueRequired\":true,\"valueName\":\"search_term_string\"}}],\"inLanguage\":\"pt-BR\"}]}<\/script>\n<!-- \/ Yoast SEO plugin. -->","yoast_head_json":{"title":"About Us - FKS Logistics | Transportation","robots":{"index":"index","follow":"follow","max-snippet":"max-snippet:-1","max-image-preview":"max-image-preview:large","max-video-preview":"max-video-preview:-1"},"canonical":"https:\/\/fkslogistics.com.br\/en\/about-us\/","og_locale":"pt_BR","og_type":"article","og_title":"About Us - FKS Logistics | Transportation","og_description":"About Us Located in the city of Diadema, FKS Logistics was initially founded with the aim of transporting critical loads from the ABC region of S\u00e3o Paulo to cities within the state of S\u00e3o Paulo and northern Paran\u00e1. Focusing on the needs of our customers and aiming the growth of the operation, forming a body [&hellip;]","og_url":"https:\/\/fkslogistics.com.br\/en\/about-us\/","og_site_name":"FKS Logistics | Transportation","article_modified_time":"2023-01-24T14:50:06+00:00","og_image":[{"url":"https:\/\/fkslogistics.com.br\/en\/wp-content\/uploads\/2023\/01\/reporting-channel-in-300x59.png","type":"","width":"","height":""}],"twitter_card":"summary_large_image","twitter_misc":{"Est. tempo de leitura":"4 minutos"},"schema":{"@context":"https:\/\/schema.org","@graph":[{"@type":"WebPage","@id":"https:\/\/fkslogistics.com.br\/en\/about-us\/","url":"https:\/\/fkslogistics.com.br\/en\/about-us\/","name":"About Us - FKS Logistics | Transportation","isPartOf":{"@id":"https:\/\/fkslogistics.com.br\/en\/#website"},"primaryImageOfPage":{"@id":"https:\/\/fkslogistics.com.br\/en\/about-us\/#primaryimage"},"image":{"@id":"https:\/\/fkslogistics.com.br\/en\/about-us\/#primaryimage"},"thumbnailUrl":"https:\/\/fkslogistics.com.br\/en\/wp-content\/uploads\/2023\/01\/reporting-channel-in-300x59.png","datePublished":"2018-04-10T18:17:45+00:00","dateModified":"2023-01-24T14:50:06+00:00","breadcrumb":{"@id":"https:\/\/fkslogistics.com.br\/en\/about-us\/#breadcrumb"},"inLanguage":"pt-BR","potentialAction":[{"@type":"ReadAction","target":["https:\/\/fkslogistics.com.br\/en\/about-us\/"]}]},{"@type":"ImageObject","inLanguage":"pt-BR","@id":"https:\/\/fkslogistics.com.br\/en\/about-us\/#primaryimage","url":"https:\/\/fkslogistics.com.br\/en\/wp-content\/uploads\/2023\/01\/reporting-channel-in.png","contentUrl":"https:\/\/fkslogistics.com.br\/en\/wp-content\/uploads\/2023\/01\/reporting-channel-in.png","width":1200,"height":235},{"@type":"BreadcrumbList","@id":"https:\/\/fkslogistics.com.br\/en\/about-us\/#breadcrumb","itemListElement":[{"@type":"ListItem","position":1,"name":"In\u00edcio","item":"https:\/\/fkslogistics.com.br\/en\/"},{"@type":"ListItem","position":2,"name":"About Us"}]},{"@type":"WebSite","@id":"https:\/\/fkslogistics.com.br\/en\/#website","url":"https:\/\/fkslogistics.com.br\/en\/","name":"FKS Logistics | Transportation","description":"-","potentialAction":[{"@type":"SearchAction","target":{"@type":"EntryPoint","urlTemplate":"https:\/\/fkslogistics.com.br\/en\/?s={search_term_string}"},"query-input":{"@type":"PropertyValueSpecification","valueRequired":true,"valueName":"search_term_string"}}],"inLanguage":"pt-BR"}]}},"_links":{"self":[{"href":"https:\/\/fkslogistics.com.br\/en\/wp-json\/wp\/v2\/pages\/184","targetHints":{"allow":["GET"]}}],"collection":[{"href":"https:\/\/fkslogistics.com.br\/en\/wp-json\/wp\/v2\/pages"}],"about":[{"href":"https:\/\/fkslogistics.com.br\/en\/wp-json\/wp\/v2\/types\/page"}],"author":[{"embeddable":true,"href":"https:\/\/fkslogistics.com.br\/en\/wp-json\/wp\/v2\/users\/2"}],"replies":[{"embeddable":true,"href":"https:\/\/fkslogistics.com.br\/en\/wp-json\/wp\/v2\/comments?post=184"}],"version-history":[{"count":22,"href":"https:\/\/fkslogistics.com.br\/en\/wp-json\/wp\/v2\/pages\/184\/revisions"}],"predecessor-version":[{"id":505,"href":"https:\/\/fkslogistics.com.br\/en\/wp-json\/wp\/v2\/pages\/184\/revisions\/505"}],"wp:attachment":[{"href":"https:\/\/fkslogistics.com.br\/en\/wp-json\/wp\/v2\/media?parent=184"}],"curies":[{"name":"wp","href":"https:\/\/api.w.org\/{rel}","templated":true}]}}