{"id":174,"date":"2017-12-20T14:09:08","date_gmt":"2017-12-20T16:09:08","guid":{"rendered":"https:\/\/escola.pinturaresidencialgallegos.com.br\/?page_id=174"},"modified":"2023-06-30T17:03:31","modified_gmt":"2023-06-30T20:03:31","slug":"inicio","status":"publish","type":"page","link":"https:\/\/fkslogistics.com.br\/en\/","title":{"rendered":"Home"},"content":{"rendered":"<section id=\"banner-home\" class=\"full-screen-block\">\n<div class=\"row\">\n<div class=\"col-xs-12 col-sm-12\">\n<div class=\"banner-home-bloco\">\n<h1>Logistics Solutions for all modalities<\/h1>\n<p>FKS Logistics<\/p>\n<div class=\"banner-home-btn\"><a class=\"btn-base\" href=\"tel:01140481180\"><i class=\"fa fa-phone\"><\/i>Call +55 11 4048-1180<\/a><a class=\"btn-base\" href=\"\/en\/services\"><i class=\"fa fa-road\"><\/i>Meet Our Services<\/a><\/div>\n<\/div>\n<\/div>\n<\/div>\n<\/section>\n<section id=\"inicio\">\n<div class=\"row\">\n<div class=\"col-xs-12 titulo\">\n<h2>FKS Logistics and Transportation<\/h2>\n<\/div>\n<\/div>\n<div class=\"row\">\n<div class=\"col-xs-12 col-sm-3\">\n<div class=\"inicio-servicos-bloco\">\n<div class=\"inicio-servicos-icone\"><\/div>\n<div class=\"inicio-servicos-texto\">\n<h3>Air Freight<\/h3>\n<p>With national and international coverage, FKS Logistics has air transport in its portfolio of services. This option is recommended in place of other modes, road and sea, when there is a load to be moved with greater agility and less transit time.<\/p>\n<\/div>\n<p>&nbsp;<\/p>\n<\/div>\n<\/div>\n<div class=\"col-xs-12 col-sm-3\">\n<div class=\"inicio-servicos-bloco\">\n<div class=\"inicio-servicos-icone\"><\/div>\n<div class=\"inicio-servicos-texto\">\n<h3>Sea Freight<\/h3>\n<p>With world-wide coverage, we have partnerships with the main shipping companies so that your cargo is delivered with safety, agility and reliability. This option is recommended for large or bulky cargo movements, presenting competitive prices in relation to other modes.<\/p>\n<\/div>\n<p>&nbsp;<\/p>\n<\/div>\n<\/div>\n<div class=\"col-xs-12 col-sm-3\">\n<div class=\"inicio-servicos-bloco\">\n<div class=\"inicio-servicos-icone\"><\/div>\n<div class=\"inicio-servicos-texto\">\n<h3>Road Freight<\/h3>\n<p>Our fleet is composed by the most diverse vehicles, allocated according to the necessity of its load. To control the volume transported, we have a specialized monitoring team working with tracking technology 24 hours a day.<\/p>\n<\/div>\n<p>&nbsp;<\/p>\n<\/div>\n<\/div>\n<div class=\"col-xs-12 col-sm-3\">\n<div class=\"inicio-servicos-bloco\">\n<div class=\"inicio-servicos-icone\"><\/div>\n<div class=\"inicio-servicos-texto\">\n<h3>Hotline<\/h3>\n<p>It is a service of extreme urgency in which your cargo has a maximum transtime of 6 hours in any place of the country, from the collection and the delivery.<\/p>\n<\/div>\n<p>&nbsp;<\/p>\n<\/div>\n<\/div>\n<\/div>\n<\/section>\n<section id=\"historia-home\" class=\"full-screen-block\">\n<div class=\"row\">\n<div class=\"col-xs-12 col-sm-6\">\n<div class=\"titulo\">\n<h2>About Us<\/h2>\n<\/div>\n<div class=\"historia-home-texto\">\n<p>Located in the city of Diadema, FKS Logistics was initially founded with the aim of transporting critical loads from the ABC region of S\u00e3o Paulo to cities within the state of S\u00e3o Paulo and northern Paran\u00e1.<\/p>\n<p>Focusing on the needs of our customers and aiming the growth of the operation, forming a body capable of developing solutions for the transportation of large components to other regions.<\/p>\n<p>Transportation of large components of great importance to the electric sector, to the soil, to the construction of the Belo Monte Hydroelectric Plant in the Xingu River Basin, in the southwestern state of Par\u00e1 and to the Parks.<\/p>\n<p><a class=\"btn-base\" href=\"\/en\/about-us\">Keep reading<\/a><\/p>\n<\/div>\n<\/div>\n<\/div>\n<\/section>\n<section id=\"frota\">\n<div class=\"row\">\n<div class=\"col-xs-12 titulo\">\n<h2>Means of Transport<\/h2>\n<\/div>\n<\/div>\n<div class=\"row\">\n<div class=\"col-xs-12 col-sm-4 frota\">\n<div class=\"frota-bloco\">\n<div class=\"frota-imagem\"><img loading=\"lazy\" decoding=\"async\" class=\"alignnone size-full wp-image-289\" src=\"wp-content\/uploads\/2018\/04\/transporte-aereo-02.jpg\" alt=\"Air Freigh\" width=\"800\" height=\"500\" \/><\/div>\n<div class=\"frota-nome\">\n<h4>Airplane<\/h4>\n<\/div>\n<\/div>\n<\/div>\n<div class=\"col-xs-12 col-sm-4 frota\">\n<div class=\"frota-bloco\">\n<div class=\"frota-imagem\"><img loading=\"lazy\" decoding=\"async\" class=\"alignnone ssize-full wp-image-290\" src=\"wp-content\/uploads\/2018\/04\/transporte-maritimo-02.jpg\" alt=\"Sea Freigh\" width=\"800\" height=\"500\" \/><\/div>\n<div class=\"frota-nome\">\n<h4>Ship<\/h4>\n<\/div>\n<\/div>\n<\/div>\n<div class=\"col-xs-12 col-sm-4 frota\">\n<div class=\"frota-bloco\">\n<div class=\"frota-imagem\"><img loading=\"lazy\" decoding=\"async\" class=\"alignnone size-full wp-image-291\" src=\"wp-content\/uploads\/2018\/04\/transporte-rodoviario-02.jpg\" alt=\"Road Freigh\" width=\"800\" height=\"500\" \/><\/div>\n<div class=\"frota-nome\">\n<h4>Truck<\/h4>\n<\/div>\n<\/div>\n<\/div>\n<\/div>\n<div class=\"row\">\n<div class=\"col-xs-12 frota\">\n<h3>FKS Logistics works with the best means of transportation to meet your needs where and when it is necessary, aiming at the speed, quality and safety in your collections and deliveries.<\/h3>\n<\/div>\n<\/div>\n<\/section>\n<section id=\"cta\" class=\"full-screen-block\">\n<div class=\"cta-bloco\">\n<aside class=\"cta-icone\"><i class=\"fa fa-globe\"><\/i><\/aside>\n<aside class=\"cta-texto\">\n<h2>Service throughout Brazil with worldwide coverage!<\/h2>\n<p>Speed and excellence in national and international collection and delivery<\/p>\n<\/aside>\n<\/div>\n<\/section>\n<section id=\"atuacao\">\n<div class=\"row\">\n<div class=\"col-xs-12 titulo\">\n<h2>Expertise Areas<\/h2>\n<\/div>\n<\/div>\n<div class=\"row\">\n<div class=\"col-xs-12 col-sm-6 col-md-7\">\n<div class=\"atuacao-bloco\">\n<h3>National Territory<\/h3>\n<div class=\"row atuacao-lista\">\n<div class=\"col-xs-6 col-sm-6 col-md-4\">\n<h4 class=\"laranja\">Matrix<\/h4>\n<p>\u2022 S\u00e3o B. do Campo &#8211; SP<\/p>\n<p>&nbsp;<\/p>\n<h4 class=\"azul\">Branches<\/h4>\n<p>\u2022 Recife &#8211; PE<\/p>\n<p>\u2022 Betim &#8211; MG<\/p>\n<p>\u2022 Curitiba- PR<\/p>\n<p>\u2022 Jaboat\u00e3o &#8211; PE<\/p>\n<p>\u2022 Guarulhos &#8211; SP<\/p>\n<\/div>\n<div class=\"col-xs-6 col-sm-6 col-md-4\">\n<h4 class=\"verde\">Warehouses<\/h4>\n<p>\u2022 Pomerode &#8211; SC<\/p>\n<p>\u2022 Salvador &#8211; BA<\/p>\n<p>\u2022 Curitiba &#8211; PR<\/p>\n<p>\u2022 Aracaju &#8211; SE<\/p>\n<p>\u2022 Porto Alegre &#8211; RS<\/p>\n<p>\u2022 Manaus &#8211; AM<\/p>\n<\/div>\n<div class=\"col-xs-6 col-sm-6 col-md-4\">\n<p>\u2022 Porto Velho &#8211; RO<\/p>\n<p>\u2022 Rio de Janeiro \u2013 RJ<\/p>\n<p>\u2022 Vila Velha \u2013 ES<\/p>\n<p>\u2022 Jo\u00e3o Pessoa \u2013 PB<\/p>\n<p>\u2022 Macei\u00f3 \u2013 AL<\/p>\n<p>\u2022 S\u00e3o Lu\u00eds \u2013 MA<\/p>\n<p>\u2022 Mossor\u00f3 \u2013 RN<\/p>\n<\/div>\n<\/div>\n<\/div>\n<\/div>\n<div class=\"col-xs-12 col-sm-6 col-md-5\">\n<div class=\"atuacao-bloco\">\n<div class=\"atuacao-mapa mapa-br\"><\/div>\n<\/div>\n<\/div>\n<\/div>\n<div class=\"row\">\n<div class=\"col-xs-12 col-sm-6 col-md-7\">\n<div class=\"atuacao-bloco\">\n<h3>Internacional Territory<\/h3>\n<div class=\"row atuacao-lista\">\n<div class=\"col-xs-6 col-sm-6 col-md-4\">\n<h4 class=\"laranja\">German<\/h4>\n<p>\u2022 Munich<\/p>\n<p>\u2022 Frankfurt<\/p>\n<p>\u2022 Hamburg<\/p>\n<p>&nbsp;<\/p>\n<h4 class=\"laranja\">Italy<\/h4>\n<p>\u2022 Milan<\/p>\n<p>\u2022 Genova<\/p>\n<\/div>\n<div class=\"col-xs-6 col-sm-6 col-md-4\">\n<h4 class=\"laranja\">USA<\/h4>\n<p>\u2022 Los Angeles<\/p>\n<p>\u2022 New York<\/p>\n<p>\u2022 Miami<\/p>\n<p>&nbsp;<\/p>\n<h4 class=\"laranja\">Mexico<\/h4>\n<p>\u2022 Veracruz<\/p>\n<p>\u2022 Mexico City<\/p>\n<\/div>\n<div class=\"col-xs-6 col-sm-6 col-md-4\">\n<h4 class=\"laranja\">China<\/h4>\n<p>\u2022 Xiamen<\/p>\n<p>\u2022 Hong Kong<\/p>\n<p>\u2022 Shanghai<\/p>\n<p>\u2022 Ningbo<\/p>\n<p>&nbsp;<\/p>\n<h4 class=\"laranja\">Belgium<\/h4>\n<p>\u2022 Antwerpia<\/p>\n<\/div>\n<\/div>\n<\/div>\n<\/div>\n<div class=\"col-xs-12 col-sm-6 col-md-5\">\n<div class=\"atuacao-bloco\">\n<div class=\"atuacao-mapa mapa-it\"><\/div>\n<\/div>\n<\/div>\n<\/div>\n<\/section>\n<section id=\"certificados\" class=\"full-screen-block\">\n<div class=\"row\">\n<div class=\"col-xs-12 titulo\">\n<h2>Certification<\/h2>\n<\/div>\n<\/div>\n<div class=\"certificado-grupo\">\n<div class=\"certificado-imagem\"><a href=\"https:\/\/www.dunsguide.com.br\/C41963e534cb23f1f0df802f6e54500ee_transporte\/fks_logistics_ltda\/\" target=\"_blank\" rel=\"noopener noreferrer\"><img decoding=\"async\" src=\"wp-content\/themes\/wp-diplomia\/certificado-qr-code.jpg\" alt=\"Certificado\" \/><\/a><\/div>\n<div class=\"certificado-bloco\">\n<h3><img decoding=\"async\" src=\"wp-content\/themes\/wp-diplomia\/dun-logo-icone.png\" alt=\"Certificado\" \/> A Dun &amp; Bradstreet D-U-N-S\u00ae Registered\u2122 Business<\/h3>\n<p>Click here to confirm online the D-U-N-S\u00ae Registered Profile for FKS Logistics LTDA<\/p>\n<p>&nbsp;<\/p>\n<\/div>\n<\/div>\n<div class=\"certificado-grupo\">\n<div class=\"certificado-imagem\"><a href=\"wp-content\/themes\/wp-diplomia\/nbr-iso-9001.pdf\" target=\"_blank\" rel=\"noopener noreferrer\"><img decoding=\"async\" src=\"wp-content\/themes\/wp-diplomia\/certificado-qr-code-2.jpg\" alt=\"Certificado\" \/><\/a><\/div>\n<div class=\"certificado-bloco\">\n<h3>NBR ISO 9001:2015<\/h3>\n<p>TUV.09.1219845.3993.19<\/p>\n<p>&nbsp;<\/p>\n<\/div>\n<\/div>\n<\/section>\n<section id=\"contato-paginas\" class=\"full-screen-block\">\n<div class=\"row\">\n<div class=\"col-xs-12 col-sm-6\">\n<div class=\"contato-paginas\">\n<div class=\"contato-paginas-lateral\">\n<div class=\"titulo\">\n<h2>Get in touch<\/h2>\n<\/div>\n<div class=\"contato-texto\">\n<p>To request a quotation, receive more information, or if you have any questions or suggestions, please speak to our team. Just fill out the form and we will contact you shortly.<\/p>\n<\/div>\n<\/div>\n<\/div>\n<\/div>\n<div class=\"col-xs-12 col-sm-6\">\n<div class=\"contato-paginas\">\n<div class=\"contato-formulario\">\n<div class=\"wpcf7 no-js\" id=\"wpcf7-f367-o1\" lang=\"pt-BR\" dir=\"ltr\" data-wpcf7-id=\"367\">\n<div class=\"screen-reader-response\"><p role=\"status\" aria-live=\"polite\" aria-atomic=\"true\"><\/p> <ul><\/ul><\/div>\n<form action=\"\/en\/wp-json\/wp\/v2\/pages\/174#wpcf7-f367-o1\" method=\"post\" class=\"wpcf7-form init\" aria-label=\"Formul\u00e1rios de contato\" novalidate=\"novalidate\" data-status=\"init\">\n<div style=\"display: none;\">\n<input type=\"hidden\" name=\"_wpcf7\" value=\"367\" \/>\n<input type=\"hidden\" name=\"_wpcf7_version\" value=\"6.0.6\" \/>\n<input type=\"hidden\" name=\"_wpcf7_locale\" value=\"pt_BR\" \/>\n<input type=\"hidden\" name=\"_wpcf7_unit_tag\" value=\"wpcf7-f367-o1\" \/>\n<input type=\"hidden\" name=\"_wpcf7_container_post\" value=\"0\" \/>\n<input type=\"hidden\" name=\"_wpcf7_posted_data_hash\" value=\"\" \/>\n<\/div>\n<p><label><span class=\"wpcf7-form-control-wrap\" data-name=\"your-name\"><input size=\"40\" maxlength=\"400\" class=\"wpcf7-form-control wpcf7-text wpcf7-validates-as-required\" aria-required=\"true\" aria-invalid=\"false\" placeholder=\"Name\" value=\"\" type=\"text\" name=\"your-name\" \/><\/span><\/label>\n<\/p>\n<p><label><span class=\"wpcf7-form-control-wrap\" data-name=\"your-email\"><input size=\"40\" maxlength=\"400\" class=\"wpcf7-form-control wpcf7-email wpcf7-validates-as-required wpcf7-text wpcf7-validates-as-email\" aria-required=\"true\" aria-invalid=\"false\" placeholder=\"E-mail\" value=\"\" type=\"email\" name=\"your-email\" \/><\/span><\/label>\n<\/p>\n<p><label><span class=\"wpcf7-form-control-wrap\" data-name=\"your-tel\"><input size=\"40\" maxlength=\"400\" class=\"wpcf7-form-control wpcf7-tel wpcf7-validates-as-required wpcf7-text wpcf7-validates-as-tel\" aria-required=\"true\" aria-invalid=\"false\" placeholder=\"Phone\" value=\"\" type=\"tel\" name=\"your-tel\" \/><\/span><\/label>\n<\/p>\n<p><label><span class=\"wpcf7-form-control-wrap\" data-name=\"your-place\"><input size=\"40\" maxlength=\"400\" class=\"wpcf7-form-control wpcf7-text wpcf7-validates-as-required\" aria-required=\"true\" aria-invalid=\"false\" placeholder=\"Place\" value=\"\" type=\"text\" name=\"your-place\" \/><\/span><\/label>\n<\/p>\n<p><label><span class=\"wpcf7-form-control-wrap\" data-name=\"your-service\"><select class=\"wpcf7-form-control wpcf7-select wpcf7-validates-as-required\" aria-required=\"true\" aria-invalid=\"false\" name=\"your-service\"><option value=\"What service?\">What service?<\/option><option value=\"Air Freight\">Air Freight<\/option><option value=\"Sea Freight\">Sea Freight<\/option><option value=\"Road Freight\">Road Freight<\/option><option value=\"Hand Cargo\">Hand Cargo<\/option><\/select><\/span><\/label>\n<\/p>\n<p><label><span class=\"wpcf7-form-control-wrap\" data-name=\"your-message\"><textarea cols=\"40\" rows=\"10\" maxlength=\"2000\" class=\"wpcf7-form-control wpcf7-textarea wpcf7-validates-as-required\" aria-required=\"true\" aria-invalid=\"false\" placeholder=\"Message\" name=\"your-message\"><\/textarea><\/span><\/label>\n<\/p>\n<p><input class=\"wpcf7-form-control wpcf7-submit has-spinner\" type=\"submit\" value=\"Send\" \/>\n<\/p><div class=\"wpcf7-response-output\" aria-hidden=\"true\"><\/div>\n<\/form>\n<\/div>\n<\/div>\n<\/div>\n<\/div>\n<\/div>\n<\/section>\n","protected":false},"excerpt":{"rendered":"<p>Logistics Solutions for all modalities FKS Logistics Call +55 11 4048-1180Meet Our Services FKS Logistics and Transportation Air Freight With national and international coverage, FKS Logistics has air transport in its portfolio of services. This option is recommended in place of other modes, road and sea, when there is a load to be moved with [&hellip;]<\/p>\n","protected":false},"author":2,"featured_media":0,"parent":0,"menu_order":1,"comment_status":"closed","ping_status":"closed","template":"","meta":{"footnotes":""},"class_list":["post-174","page","type-page","status-publish","hentry"],"yoast_head":"<!-- This site is optimized with the Yoast SEO plugin v24.2 - https:\/\/yoast.com\/wordpress\/plugins\/seo\/ -->\n<title>Home - FKS Logistics | Transportation<\/title>\n<meta name=\"robots\" content=\"index, follow, max-snippet:-1, max-image-preview:large, max-video-preview:-1\" \/>\n<link rel=\"canonical\" href=\"https:\/\/fkslogistics.com.br\/en\/\" \/>\n<meta property=\"og:locale\" content=\"pt_BR\" \/>\n<meta property=\"og:type\" content=\"article\" \/>\n<meta property=\"og:title\" content=\"Home - FKS Logistics | Transportation\" \/>\n<meta property=\"og:description\" content=\"Logistics Solutions for all modalities FKS Logistics Call +55 11 4048-1180Meet Our Services FKS Logistics and Transportation Air Freight With national and international coverage, FKS Logistics has air transport in its portfolio of services. This option is recommended in place of other modes, road and sea, when there is a load to be moved with [&hellip;]\" \/>\n<meta property=\"og:url\" content=\"https:\/\/fkslogistics.com.br\/en\/\" \/>\n<meta property=\"og:site_name\" content=\"FKS Logistics | Transportation\" \/>\n<meta property=\"article:modified_time\" content=\"2023-06-30T20:03:31+00:00\" \/>\n<meta name=\"twitter:card\" content=\"summary_large_image\" \/>\n<meta name=\"twitter:label1\" content=\"Est. tempo de leitura\" \/>\n\t<meta name=\"twitter:data1\" content=\"3 minutos\" \/>\n<script type=\"application\/ld+json\" class=\"yoast-schema-graph\">{\"@context\":\"https:\/\/schema.org\",\"@graph\":[{\"@type\":\"WebPage\",\"@id\":\"https:\/\/fkslogistics.com.br\/en\/\",\"url\":\"https:\/\/fkslogistics.com.br\/en\/\",\"name\":\"Home - FKS Logistics | Transportation\",\"isPartOf\":{\"@id\":\"https:\/\/fkslogistics.com.br\/en\/#website\"},\"datePublished\":\"2017-12-20T16:09:08+00:00\",\"dateModified\":\"2023-06-30T20:03:31+00:00\",\"breadcrumb\":{\"@id\":\"https:\/\/fkslogistics.com.br\/en\/#breadcrumb\"},\"inLanguage\":\"pt-BR\",\"potentialAction\":[{\"@type\":\"ReadAction\",\"target\":[\"https:\/\/fkslogistics.com.br\/en\/\"]}]},{\"@type\":\"BreadcrumbList\",\"@id\":\"https:\/\/fkslogistics.com.br\/en\/#breadcrumb\",\"itemListElement\":[{\"@type\":\"ListItem\",\"position\":1,\"name\":\"In\u00edcio\",\"item\":\"https:\/\/fkslogistics.com.br\/en\/\"},{\"@type\":\"ListItem\",\"position\":2,\"name\":\"Home\"}]},{\"@type\":\"WebSite\",\"@id\":\"https:\/\/fkslogistics.com.br\/en\/#website\",\"url\":\"https:\/\/fkslogistics.com.br\/en\/\",\"name\":\"FKS Logistics | Transportation\",\"description\":\"-\",\"potentialAction\":[{\"@type\":\"SearchAction\",\"target\":{\"@type\":\"EntryPoint\",\"urlTemplate\":\"https:\/\/fkslogistics.com.br\/en\/?s={search_term_string}\"},\"query-input\":{\"@type\":\"PropertyValueSpecification\",\"valueRequired\":true,\"valueName\":\"search_term_string\"}}],\"inLanguage\":\"pt-BR\"}]}<\/script>\n<!-- \/ Yoast SEO plugin. -->","yoast_head_json":{"title":"Home - FKS Logistics | Transportation","robots":{"index":"index","follow":"follow","max-snippet":"max-snippet:-1","max-image-preview":"max-image-preview:large","max-video-preview":"max-video-preview:-1"},"canonical":"https:\/\/fkslogistics.com.br\/en\/","og_locale":"pt_BR","og_type":"article","og_title":"Home - FKS Logistics | Transportation","og_description":"Logistics Solutions for all modalities FKS Logistics Call +55 11 4048-1180Meet Our Services FKS Logistics and Transportation Air Freight With national and international coverage, FKS Logistics has air transport in its portfolio of services. This option is recommended in place of other modes, road and sea, when there is a load to be moved with [&hellip;]","og_url":"https:\/\/fkslogistics.com.br\/en\/","og_site_name":"FKS Logistics | Transportation","article_modified_time":"2023-06-30T20:03:31+00:00","twitter_card":"summary_large_image","twitter_misc":{"Est. tempo de leitura":"3 minutos"},"schema":{"@context":"https:\/\/schema.org","@graph":[{"@type":"WebPage","@id":"https:\/\/fkslogistics.com.br\/en\/","url":"https:\/\/fkslogistics.com.br\/en\/","name":"Home - FKS Logistics | Transportation","isPartOf":{"@id":"https:\/\/fkslogistics.com.br\/en\/#website"},"datePublished":"2017-12-20T16:09:08+00:00","dateModified":"2023-06-30T20:03:31+00:00","breadcrumb":{"@id":"https:\/\/fkslogistics.com.br\/en\/#breadcrumb"},"inLanguage":"pt-BR","potentialAction":[{"@type":"ReadAction","target":["https:\/\/fkslogistics.com.br\/en\/"]}]},{"@type":"BreadcrumbList","@id":"https:\/\/fkslogistics.com.br\/en\/#breadcrumb","itemListElement":[{"@type":"ListItem","position":1,"name":"In\u00edcio","item":"https:\/\/fkslogistics.com.br\/en\/"},{"@type":"ListItem","position":2,"name":"Home"}]},{"@type":"WebSite","@id":"https:\/\/fkslogistics.com.br\/en\/#website","url":"https:\/\/fkslogistics.com.br\/en\/","name":"FKS Logistics | Transportation","description":"-","potentialAction":[{"@type":"SearchAction","target":{"@type":"EntryPoint","urlTemplate":"https:\/\/fkslogistics.com.br\/en\/?s={search_term_string}"},"query-input":{"@type":"PropertyValueSpecification","valueRequired":true,"valueName":"search_term_string"}}],"inLanguage":"pt-BR"}]}},"_links":{"self":[{"href":"https:\/\/fkslogistics.com.br\/en\/wp-json\/wp\/v2\/pages\/174","targetHints":{"allow":["GET"]}}],"collection":[{"href":"https:\/\/fkslogistics.com.br\/en\/wp-json\/wp\/v2\/pages"}],"about":[{"href":"https:\/\/fkslogistics.com.br\/en\/wp-json\/wp\/v2\/types\/page"}],"author":[{"embeddable":true,"href":"https:\/\/fkslogistics.com.br\/en\/wp-json\/wp\/v2\/users\/2"}],"replies":[{"embeddable":true,"href":"https:\/\/fkslogistics.com.br\/en\/wp-json\/wp\/v2\/comments?post=174"}],"version-history":[{"count":26,"href":"https:\/\/fkslogistics.com.br\/en\/wp-json\/wp\/v2\/pages\/174\/revisions"}],"predecessor-version":[{"id":511,"href":"https:\/\/fkslogistics.com.br\/en\/wp-json\/wp\/v2\/pages\/174\/revisions\/511"}],"wp:attachment":[{"href":"https:\/\/fkslogistics.com.br\/en\/wp-json\/wp\/v2\/media?parent=174"}],"curies":[{"name":"wp","href":"https:\/\/api.w.org\/{rel}","templated":true}]}}